{"id":24228,"date":"2025-11-07T22:50:34","date_gmt":"2025-11-07T21:50:34","guid":{"rendered":"https:\/\/www.ernstbrunn-apotheke.at\/katalog\/produkt\/medipharma-cosmetics-olivenoel-abendmaske-30-ml\/"},"modified":"2025-12-08T14:39:31","modified_gmt":"2025-12-08T13:39:31","slug":"medipharma-cosmetics-olivenoel-abendmaske-30-ml","status":"publish","type":"product","link":"https:\/\/www.ernstbrunn-apotheke.at\/katalog\/produkt\/medipharma-cosmetics-olivenoel-abendmaske-30-ml\/","title":{"rendered":"Medipharma Cosmetics Oliven\u00f6l Abendmaske 30 ml"},"content":{"rendered":"<p>Medipharma Cosmetics Oliven\u00f6l Belebende Abendmaske mit hautpflegender Shea Butter in Kombination mit kaltgepresstem Oliven\u00f6l aus der Toskana und wertvollem Feigenextrakt regeneriert Ihre Haut und unterst\u00fctzt die Collagensynthese.<\/p>\n","protected":false},"excerpt":{"rendered":"<p>Medipharma Cosmetics Oliven\u00f6l Belebende Abendmaske mit hautpflegender Shea Butter in Kombination mit kaltgepresstem Oliven\u00f6l aus der Toskana und wertvollem Feigenextrakt regeneriert Ihre Haut und unterst\u00fctzt die Collagensynthese.<\/p>\n","protected":false},"featured_media":24230,"template":"","meta":{"_acf_changed":false},"product_brand":[685],"product_cat":[800],"product_tag":[],"class_list":{"0":"post-24228","1":"product","2":"type-product","3":"status-publish","4":"has-post-thumbnail","6":"product_brand-olivenoel-theiss","7":"product_cat-m","8":"pa_packungsgroesse-30ml","10":"first","11":"instock","12":"shipping-taxable","13":"purchasable","14":"product-type-simple"},"acf":[],"_links":{"self":[{"href":"https:\/\/www.ernstbrunn-apotheke.at\/katalog\/wp-json\/wp\/v2\/product\/24228","targetHints":{"allow":["GET"]}}],"collection":[{"href":"https:\/\/www.ernstbrunn-apotheke.at\/katalog\/wp-json\/wp\/v2\/product"}],"about":[{"href":"https:\/\/www.ernstbrunn-apotheke.at\/katalog\/wp-json\/wp\/v2\/types\/product"}],"wp:featuredmedia":[{"embeddable":true,"href":"https:\/\/www.ernstbrunn-apotheke.at\/katalog\/wp-json\/wp\/v2\/media\/24230"}],"wp:attachment":[{"href":"https:\/\/www.ernstbrunn-apotheke.at\/katalog\/wp-json\/wp\/v2\/media?parent=24228"}],"wp:term":[{"taxonomy":"product_brand","embeddable":true,"href":"https:\/\/www.ernstbrunn-apotheke.at\/katalog\/wp-json\/wp\/v2\/product_brand?post=24228"},{"taxonomy":"product_cat","embeddable":true,"href":"https:\/\/www.ernstbrunn-apotheke.at\/katalog\/wp-json\/wp\/v2\/product_cat?post=24228"},{"taxonomy":"product_tag","embeddable":true,"href":"https:\/\/www.ernstbrunn-apotheke.at\/katalog\/wp-json\/wp\/v2\/product_tag?post=24228"}],"curies":[{"name":"wp","href":"https:\/\/api.w.org\/{rel}","templated":true}]}}