{"id":24105,"date":"2025-11-07T22:48:38","date_gmt":"2025-11-07T21:48:38","guid":{"rendered":"https:\/\/www.ernstbrunn-apotheke.at\/katalog\/produkt\/neostrata-pigment-controller-30-ml\/"},"modified":"2025-12-08T14:38:39","modified_gmt":"2025-12-08T13:38:39","slug":"neostrata-pigment-controller-30-ml","status":"publish","type":"product","link":"https:\/\/www.ernstbrunn-apotheke.at\/katalog\/produkt\/neostrata-pigment-controller-30-ml\/","title":{"rendered":"Neostrata Pigment Controller 30 ml"},"content":{"rendered":"<p>NeoStrata\u00ae Produkte wurden von Dermatologen entwickelt und ihre Wirksamkeit in zahlreichen klinischen Studien getestet und bewiesen. Durch die Kombination verschiedener Inhaltsstoffe, wie Alpha- (AHA) und Polyhydroxys\u00e4uren (PHA), NeoGlucosaminen\u2122, NeoCitriaten\u2122, Aminos\u00e4uren, Antioxidantien und vielen mehr, entstehen Behandlungsm\u00f6glichkeiten f\u00fcr eine Vielzahl von Indikationen.<\/p>\n","protected":false},"excerpt":{"rendered":"<p>NeoStrata\u00ae Produkte wurden von Dermatologen entwickelt und ihre Wirksamkeit in zahlreichen klinischen Studien getestet und bewiesen. Durch die Kombination verschiedener Inhaltsstoffe, wie Alpha- (AHA) und Polyhydroxys\u00e4uren (PHA), NeoGlucosaminen\u2122, NeoCitriaten\u2122, Aminos\u00e4uren, Antioxidantien und vielen mehr, entstehen Behandlungsm\u00f6glichkeiten f\u00fcr eine Vielzahl von Indikationen.<\/p>\n","protected":false},"featured_media":24107,"template":"","meta":{"_acf_changed":false},"product_brand":[708],"product_cat":[797],"product_tag":[],"class_list":{"0":"post-24105","1":"product","2":"type-product","3":"status-publish","4":"has-post-thumbnail","6":"product_brand-neostrata","7":"product_cat-n","8":"pa_packungsgroesse-50ml","10":"first","11":"instock","12":"shipping-taxable","13":"purchasable","14":"product-type-simple"},"acf":[],"_links":{"self":[{"href":"https:\/\/www.ernstbrunn-apotheke.at\/katalog\/wp-json\/wp\/v2\/product\/24105","targetHints":{"allow":["GET"]}}],"collection":[{"href":"https:\/\/www.ernstbrunn-apotheke.at\/katalog\/wp-json\/wp\/v2\/product"}],"about":[{"href":"https:\/\/www.ernstbrunn-apotheke.at\/katalog\/wp-json\/wp\/v2\/types\/product"}],"wp:featuredmedia":[{"embeddable":true,"href":"https:\/\/www.ernstbrunn-apotheke.at\/katalog\/wp-json\/wp\/v2\/media\/24107"}],"wp:attachment":[{"href":"https:\/\/www.ernstbrunn-apotheke.at\/katalog\/wp-json\/wp\/v2\/media?parent=24105"}],"wp:term":[{"taxonomy":"product_brand","embeddable":true,"href":"https:\/\/www.ernstbrunn-apotheke.at\/katalog\/wp-json\/wp\/v2\/product_brand?post=24105"},{"taxonomy":"product_cat","embeddable":true,"href":"https:\/\/www.ernstbrunn-apotheke.at\/katalog\/wp-json\/wp\/v2\/product_cat?post=24105"},{"taxonomy":"product_tag","embeddable":true,"href":"https:\/\/www.ernstbrunn-apotheke.at\/katalog\/wp-json\/wp\/v2\/product_tag?post=24105"}],"curies":[{"name":"wp","href":"https:\/\/api.w.org\/{rel}","templated":true}]}}