{"id":24099,"date":"2025-11-07T22:48:38","date_gmt":"2025-11-07T21:48:38","guid":{"rendered":"https:\/\/www.ernstbrunn-apotheke.at\/katalog\/produkt\/lierac-hydragenist-glaettendes-augengel-15-ml\/"},"modified":"2025-12-08T14:38:36","modified_gmt":"2025-12-08T13:38:36","slug":"lierac-hydragenist-glaettendes-augengel-15-ml","status":"publish","type":"product","link":"https:\/\/www.ernstbrunn-apotheke.at\/katalog\/produkt\/lierac-hydragenist-glaettendes-augengel-15-ml\/","title":{"rendered":"Lierac Hydragenist gl\u00e4ttendes Augengel 15 ml"},"content":{"rendered":"<p>Lierac Hydragenist gl\u00e4ttendes Augengel 15 ml ist das erste sauerstoffspendende Augengel von LIERAC, das die Augenpartie gl\u00e4ttet und erfrischt. Der kryothermische Applikator sorgt f\u00fcr ein Frischegef\u00fchl direkt nach dem Aufstehen. Die Augenpartie wird intensiv und dauerhaft mit Feuchtigkeit versorgt.<\/p>\n","protected":false},"excerpt":{"rendered":"<p>Lierac Hydragenist gl\u00e4ttendes Augengel 15 ml ist das erste sauerstoffspendende Augengel von LIERAC, das die Augenpartie gl\u00e4ttet und erfrischt. Der kryothermische Applikator sorgt f\u00fcr ein Frischegef\u00fchl direkt nach dem Aufstehen. Die Augenpartie wird intensiv und dauerhaft mit Feuchtigkeit versorgt.<\/p>\n","protected":false},"featured_media":24101,"template":"","meta":{"_acf_changed":false},"product_brand":[709],"product_cat":[795],"product_tag":[],"class_list":{"0":"post-24099","1":"product","2":"type-product","3":"status-publish","4":"has-post-thumbnail","6":"product_brand-lierac","7":"product_cat-l","8":"pa_packungsgroesse-15ml","10":"first","11":"instock","12":"shipping-taxable","13":"purchasable","14":"product-type-simple"},"acf":[],"_links":{"self":[{"href":"https:\/\/www.ernstbrunn-apotheke.at\/katalog\/wp-json\/wp\/v2\/product\/24099","targetHints":{"allow":["GET"]}}],"collection":[{"href":"https:\/\/www.ernstbrunn-apotheke.at\/katalog\/wp-json\/wp\/v2\/product"}],"about":[{"href":"https:\/\/www.ernstbrunn-apotheke.at\/katalog\/wp-json\/wp\/v2\/types\/product"}],"wp:featuredmedia":[{"embeddable":true,"href":"https:\/\/www.ernstbrunn-apotheke.at\/katalog\/wp-json\/wp\/v2\/media\/24101"}],"wp:attachment":[{"href":"https:\/\/www.ernstbrunn-apotheke.at\/katalog\/wp-json\/wp\/v2\/media?parent=24099"}],"wp:term":[{"taxonomy":"product_brand","embeddable":true,"href":"https:\/\/www.ernstbrunn-apotheke.at\/katalog\/wp-json\/wp\/v2\/product_brand?post=24099"},{"taxonomy":"product_cat","embeddable":true,"href":"https:\/\/www.ernstbrunn-apotheke.at\/katalog\/wp-json\/wp\/v2\/product_cat?post=24099"},{"taxonomy":"product_tag","embeddable":true,"href":"https:\/\/www.ernstbrunn-apotheke.at\/katalog\/wp-json\/wp\/v2\/product_tag?post=24099"}],"curies":[{"name":"wp","href":"https:\/\/api.w.org\/{rel}","templated":true}]}}