{"id":24032,"date":"2025-11-07T22:47:20","date_gmt":"2025-11-07T21:47:20","guid":{"rendered":"https:\/\/www.ernstbrunn-apotheke.at\/katalog\/produkt\/sulfoderm-s-teint-fresh-gesichtswasser-150-ml\/"},"modified":"2025-12-08T14:38:11","modified_gmt":"2025-12-08T13:38:11","slug":"sulfoderm-s-teint-fresh-gesichtswasser-150-ml","status":"publish","type":"product","link":"https:\/\/www.ernstbrunn-apotheke.at\/katalog\/produkt\/sulfoderm-s-teint-fresh-gesichtswasser-150-ml\/","title":{"rendered":"Sulfoderm S Teint Fresh Gesichtswasser 150 ml"},"content":{"rendered":"<p>Sulfoderm S Teint Gesichtswasser Fresh ist ein porentief reinigendes und desinfizierendes Gesichtswasser, welches ausgleichend auf die \u00fcberm\u00e4\u00dfige Talgproduktion der Haut wirkt.<\/p>\n","protected":false},"excerpt":{"rendered":"<p>Sulfoderm S Teint Gesichtswasser Fresh ist ein porentief reinigendes und desinfizierendes Gesichtswasser, welches ausgleichend auf die \u00fcberm\u00e4\u00dfige Talgproduktion der Haut wirkt.<\/p>\n","protected":false},"featured_media":24034,"template":"","meta":{"_acf_changed":false},"product_brand":[],"product_cat":[791],"product_tag":[],"class_list":{"0":"post-24032","1":"product","2":"type-product","3":"status-publish","4":"has-post-thumbnail","6":"product_cat-s","7":"pa_packungsgroesse-150ml","9":"first","10":"instock","11":"shipping-taxable","12":"purchasable","13":"product-type-simple"},"acf":[],"_links":{"self":[{"href":"https:\/\/www.ernstbrunn-apotheke.at\/katalog\/wp-json\/wp\/v2\/product\/24032","targetHints":{"allow":["GET"]}}],"collection":[{"href":"https:\/\/www.ernstbrunn-apotheke.at\/katalog\/wp-json\/wp\/v2\/product"}],"about":[{"href":"https:\/\/www.ernstbrunn-apotheke.at\/katalog\/wp-json\/wp\/v2\/types\/product"}],"wp:featuredmedia":[{"embeddable":true,"href":"https:\/\/www.ernstbrunn-apotheke.at\/katalog\/wp-json\/wp\/v2\/media\/24034"}],"wp:attachment":[{"href":"https:\/\/www.ernstbrunn-apotheke.at\/katalog\/wp-json\/wp\/v2\/media?parent=24032"}],"wp:term":[{"taxonomy":"product_brand","embeddable":true,"href":"https:\/\/www.ernstbrunn-apotheke.at\/katalog\/wp-json\/wp\/v2\/product_brand?post=24032"},{"taxonomy":"product_cat","embeddable":true,"href":"https:\/\/www.ernstbrunn-apotheke.at\/katalog\/wp-json\/wp\/v2\/product_cat?post=24032"},{"taxonomy":"product_tag","embeddable":true,"href":"https:\/\/www.ernstbrunn-apotheke.at\/katalog\/wp-json\/wp\/v2\/product_tag?post=24032"}],"curies":[{"name":"wp","href":"https:\/\/api.w.org\/{rel}","templated":true}]}}