{"id":24012,"date":"2025-11-07T22:47:02","date_gmt":"2025-11-07T21:47:02","guid":{"rendered":"https:\/\/www.ernstbrunn-apotheke.at\/katalog\/produkt\/medipharma-cosmetics-olivenoel-gesichtspflege-mediterrane-braeune-50-ml\/"},"modified":"2025-12-08T14:38:05","modified_gmt":"2025-12-08T13:38:05","slug":"medipharma-cosmetics-olivenoel-gesichtspflege-mediterrane-braeune-50-ml","status":"publish","type":"product","link":"https:\/\/www.ernstbrunn-apotheke.at\/katalog\/produkt\/medipharma-cosmetics-olivenoel-gesichtspflege-mediterrane-braeune-50-ml\/","title":{"rendered":"Medipharma Cosmetics Oliven\u00f6l Gesichtspflege Mediterrane Br\u00e4une 50 ml"},"content":{"rendered":"<p>Medipharma Cosmetics Oliven\u00f6l Gesichtspflege enth\u00e4lt kaltgepresstes Oliven\u00f6l aus der Toskana und einen nat\u00fcrlichen Br\u00e4unungswirkstoff (DHA), der Ihrem Teint eine sanfte Br\u00e4une verleiht. Die Creme ist angereichert mit Vitaminen die ihre Haut pflegen und Feuchtigkeit spenden. Au\u00dferdem mit LSF 15, der vor sch\u00e4digenden UVA- und UVB-Strahlen sch\u00fctzt.<\/p>\n","protected":false},"excerpt":{"rendered":"<p>Medipharma Cosmetics Oliven\u00f6l Gesichtspflege enth\u00e4lt kaltgepresstes Oliven\u00f6l aus der Toskana und einen nat\u00fcrlichen Br\u00e4unungswirkstoff (DHA), der Ihrem Teint eine sanfte Br\u00e4une verleiht. Die Creme ist angereichert mit Vitaminen die ihre Haut pflegen und Feuchtigkeit spenden. Au\u00dferdem mit LSF 15, der vor sch\u00e4digenden UVA- und UVB-Strahlen sch\u00fctzt.<\/p>\n","protected":false},"featured_media":24014,"template":"","meta":{"_acf_changed":false},"product_brand":[685],"product_cat":[800],"product_tag":[],"class_list":{"0":"post-24012","1":"product","2":"type-product","3":"status-publish","4":"has-post-thumbnail","6":"product_brand-olivenoel-theiss","7":"product_cat-m","8":"pa_packungsgroesse-50ml","10":"first","11":"instock","12":"shipping-taxable","13":"purchasable","14":"product-type-simple"},"acf":[],"_links":{"self":[{"href":"https:\/\/www.ernstbrunn-apotheke.at\/katalog\/wp-json\/wp\/v2\/product\/24012","targetHints":{"allow":["GET"]}}],"collection":[{"href":"https:\/\/www.ernstbrunn-apotheke.at\/katalog\/wp-json\/wp\/v2\/product"}],"about":[{"href":"https:\/\/www.ernstbrunn-apotheke.at\/katalog\/wp-json\/wp\/v2\/types\/product"}],"wp:featuredmedia":[{"embeddable":true,"href":"https:\/\/www.ernstbrunn-apotheke.at\/katalog\/wp-json\/wp\/v2\/media\/24014"}],"wp:attachment":[{"href":"https:\/\/www.ernstbrunn-apotheke.at\/katalog\/wp-json\/wp\/v2\/media?parent=24012"}],"wp:term":[{"taxonomy":"product_brand","embeddable":true,"href":"https:\/\/www.ernstbrunn-apotheke.at\/katalog\/wp-json\/wp\/v2\/product_brand?post=24012"},{"taxonomy":"product_cat","embeddable":true,"href":"https:\/\/www.ernstbrunn-apotheke.at\/katalog\/wp-json\/wp\/v2\/product_cat?post=24012"},{"taxonomy":"product_tag","embeddable":true,"href":"https:\/\/www.ernstbrunn-apotheke.at\/katalog\/wp-json\/wp\/v2\/product_tag?post=24012"}],"curies":[{"name":"wp","href":"https:\/\/api.w.org\/{rel}","templated":true}]}}