{"id":23976,"date":"2025-11-07T22:46:16","date_gmt":"2025-11-07T21:46:16","guid":{"rendered":"https:\/\/www.ernstbrunn-apotheke.at\/katalog\/produkt\/medipharma-cosmetics-calendula-augen-complex-15-ml\/"},"modified":"2025-12-08T14:37:55","modified_gmt":"2025-12-08T13:37:55","slug":"medipharma-cosmetics-calendula-augen-complex-15-ml","status":"publish","type":"product","link":"https:\/\/www.ernstbrunn-apotheke.at\/katalog\/produkt\/medipharma-cosmetics-calendula-augen-complex-15-ml\/","title":{"rendered":"Medipharma Cosmetics Calendula Augen-Complex 15 ml"},"content":{"rendered":"<p>Medipharma Cosmetics Calendula Augen-Complex ist ein Spezial-Kosmetikum f\u00fcr die empfindliche Haut der Augenpartie. Das k\u00fchlende Gel lindert Augenringe, F\u00e4ltchen und Schwellungen.<\/p>\n","protected":false},"excerpt":{"rendered":"<p>Medipharma Cosmetics Calendula Augen-Complex ist ein Spezial-Kosmetikum f\u00fcr die empfindliche Haut der Augenpartie. Das k\u00fchlende Gel lindert Augenringe, F\u00e4ltchen und Schwellungen.<\/p>\n","protected":false},"featured_media":23978,"template":"","meta":{"_acf_changed":false},"product_brand":[715],"product_cat":[800],"product_tag":[],"class_list":{"0":"post-23976","1":"product","2":"type-product","3":"status-publish","4":"has-post-thumbnail","6":"product_brand-theiss","7":"product_cat-m","8":"pa_packungsgroesse-15ml","10":"first","11":"instock","12":"shipping-taxable","13":"purchasable","14":"product-type-simple"},"acf":[],"_links":{"self":[{"href":"https:\/\/www.ernstbrunn-apotheke.at\/katalog\/wp-json\/wp\/v2\/product\/23976","targetHints":{"allow":["GET"]}}],"collection":[{"href":"https:\/\/www.ernstbrunn-apotheke.at\/katalog\/wp-json\/wp\/v2\/product"}],"about":[{"href":"https:\/\/www.ernstbrunn-apotheke.at\/katalog\/wp-json\/wp\/v2\/types\/product"}],"wp:featuredmedia":[{"embeddable":true,"href":"https:\/\/www.ernstbrunn-apotheke.at\/katalog\/wp-json\/wp\/v2\/media\/23978"}],"wp:attachment":[{"href":"https:\/\/www.ernstbrunn-apotheke.at\/katalog\/wp-json\/wp\/v2\/media?parent=23976"}],"wp:term":[{"taxonomy":"product_brand","embeddable":true,"href":"https:\/\/www.ernstbrunn-apotheke.at\/katalog\/wp-json\/wp\/v2\/product_brand?post=23976"},{"taxonomy":"product_cat","embeddable":true,"href":"https:\/\/www.ernstbrunn-apotheke.at\/katalog\/wp-json\/wp\/v2\/product_cat?post=23976"},{"taxonomy":"product_tag","embeddable":true,"href":"https:\/\/www.ernstbrunn-apotheke.at\/katalog\/wp-json\/wp\/v2\/product_tag?post=23976"}],"curies":[{"name":"wp","href":"https:\/\/api.w.org\/{rel}","templated":true}]}}