{"id":23944,"date":"2025-11-07T22:45:46","date_gmt":"2025-11-07T21:45:46","guid":{"rendered":"https:\/\/www.ernstbrunn-apotheke.at\/katalog\/produkt\/nuxe-nuxuriance-ultra-serum-30-ml\/"},"modified":"2025-12-08T14:37:39","modified_gmt":"2025-12-08T13:37:39","slug":"nuxe-nuxuriance-ultra-serum-30-ml","status":"publish","type":"product","link":"https:\/\/www.ernstbrunn-apotheke.at\/katalog\/produkt\/nuxe-nuxuriance-ultra-serum-30-ml\/","title":{"rendered":"Nuxe Nuxuriance Ultra Serum 30 ml"},"content":{"rendered":"<p>Nuxe Nuxuriance Ultra Serum hilft der Haut dabei, sich zu regenerieren und zu straffen. Die Gesichtskonturen werden gegl\u00e4ttet. Die Haut sieht j\u00fcnger aus und erstrahlt mit nat\u00fcrlicher Leuchtkraft. Der Teint wirkt ebenm\u00e4\u00dfiger und strahlend. Die Gesichtskonturen wirken straffer und die Gesichtsz\u00fcge sind wie geliftet.<\/p>\n","protected":false},"excerpt":{"rendered":"<p>Nuxe Nuxuriance Ultra Serum hilft der Haut dabei, sich zu regenerieren und zu straffen. Die Gesichtskonturen werden gegl\u00e4ttet. Die Haut sieht j\u00fcnger aus und erstrahlt mit nat\u00fcrlicher Leuchtkraft. Der Teint wirkt ebenm\u00e4\u00dfiger und strahlend. Die Gesichtskonturen wirken straffer und die Gesichtsz\u00fcge sind wie geliftet.<\/p>\n","protected":false},"featured_media":23946,"template":"","meta":{"_acf_changed":false},"product_brand":[],"product_cat":[797],"product_tag":[],"class_list":{"0":"post-23944","1":"product","2":"type-product","3":"status-publish","4":"has-post-thumbnail","6":"product_cat-n","7":"pa_packungsgroesse-30ml","9":"first","10":"instock","11":"shipping-taxable","12":"purchasable","13":"product-type-simple"},"acf":[],"_links":{"self":[{"href":"https:\/\/www.ernstbrunn-apotheke.at\/katalog\/wp-json\/wp\/v2\/product\/23944","targetHints":{"allow":["GET"]}}],"collection":[{"href":"https:\/\/www.ernstbrunn-apotheke.at\/katalog\/wp-json\/wp\/v2\/product"}],"about":[{"href":"https:\/\/www.ernstbrunn-apotheke.at\/katalog\/wp-json\/wp\/v2\/types\/product"}],"wp:featuredmedia":[{"embeddable":true,"href":"https:\/\/www.ernstbrunn-apotheke.at\/katalog\/wp-json\/wp\/v2\/media\/23946"}],"wp:attachment":[{"href":"https:\/\/www.ernstbrunn-apotheke.at\/katalog\/wp-json\/wp\/v2\/media?parent=23944"}],"wp:term":[{"taxonomy":"product_brand","embeddable":true,"href":"https:\/\/www.ernstbrunn-apotheke.at\/katalog\/wp-json\/wp\/v2\/product_brand?post=23944"},{"taxonomy":"product_cat","embeddable":true,"href":"https:\/\/www.ernstbrunn-apotheke.at\/katalog\/wp-json\/wp\/v2\/product_cat?post=23944"},{"taxonomy":"product_tag","embeddable":true,"href":"https:\/\/www.ernstbrunn-apotheke.at\/katalog\/wp-json\/wp\/v2\/product_tag?post=23944"}],"curies":[{"name":"wp","href":"https:\/\/api.w.org\/{rel}","templated":true}]}}