{"id":23926,"date":"2025-11-07T22:45:31","date_gmt":"2025-11-07T21:45:31","guid":{"rendered":"https:\/\/www.ernstbrunn-apotheke.at\/katalog\/produkt\/aha-fruchtsaeure-creme\/"},"modified":"2025-12-08T14:37:33","modified_gmt":"2025-12-08T13:37:33","slug":"aha-fruchtsaeure-creme","status":"publish","type":"product","link":"https:\/\/www.ernstbrunn-apotheke.at\/katalog\/produkt\/aha-fruchtsaeure-creme\/","title":{"rendered":"AHA Fruchts\u00e4ure Creme"},"content":{"rendered":"<p>Aha Fr\u00fcchte S\u00e4ure Creme dringt zwischen die Hornzellen der obersten Hautschichten und l\u00f6st dort die Kittsubstanz. Dadurch werden die trockenen, alten Hautschuppen schneller abgesto\u00dfen und der feuchtigkeitsreiche &#8222;Zellnachwuchs&#8220; von unten kann schneller an die Oberfl\u00e4che. Durch regelm\u00e4\u00dfiges Eincremen sieht die Haut schnell glatt und gut durchblutet aus. Nach l\u00e4ngerer Anwendung verschwinden zudem auch F\u00e4ltchen.<\/p>\n","protected":false},"excerpt":{"rendered":"<p>Aha Fr\u00fcchte S\u00e4ure Creme dringt zwischen die Hornzellen der obersten Hautschichten und l\u00f6st dort die Kittsubstanz. Dadurch werden die trockenen, alten Hautschuppen schneller abgesto\u00dfen und der feuchtigkeitsreiche &#8222;Zellnachwuchs&#8220; von unten kann schneller an die Oberfl\u00e4che. Durch regelm\u00e4\u00dfiges Eincremen sieht die Haut schnell glatt und gut durchblutet aus. Nach l\u00e4ngerer Anwendung verschwinden zudem auch F\u00e4ltchen.<\/p>\n","protected":false},"featured_media":23928,"template":"","meta":{"_acf_changed":false},"product_brand":[],"product_cat":[801],"product_tag":[],"class_list":{"0":"post-23926","1":"product","2":"type-product","3":"status-publish","4":"has-post-thumbnail","6":"product_cat-a","7":"pa_packungsgroesse-40ml","9":"first","10":"instock","11":"shipping-taxable","12":"purchasable","13":"product-type-simple"},"acf":[],"_links":{"self":[{"href":"https:\/\/www.ernstbrunn-apotheke.at\/katalog\/wp-json\/wp\/v2\/product\/23926","targetHints":{"allow":["GET"]}}],"collection":[{"href":"https:\/\/www.ernstbrunn-apotheke.at\/katalog\/wp-json\/wp\/v2\/product"}],"about":[{"href":"https:\/\/www.ernstbrunn-apotheke.at\/katalog\/wp-json\/wp\/v2\/types\/product"}],"wp:featuredmedia":[{"embeddable":true,"href":"https:\/\/www.ernstbrunn-apotheke.at\/katalog\/wp-json\/wp\/v2\/media\/23928"}],"wp:attachment":[{"href":"https:\/\/www.ernstbrunn-apotheke.at\/katalog\/wp-json\/wp\/v2\/media?parent=23926"}],"wp:term":[{"taxonomy":"product_brand","embeddable":true,"href":"https:\/\/www.ernstbrunn-apotheke.at\/katalog\/wp-json\/wp\/v2\/product_brand?post=23926"},{"taxonomy":"product_cat","embeddable":true,"href":"https:\/\/www.ernstbrunn-apotheke.at\/katalog\/wp-json\/wp\/v2\/product_cat?post=23926"},{"taxonomy":"product_tag","embeddable":true,"href":"https:\/\/www.ernstbrunn-apotheke.at\/katalog\/wp-json\/wp\/v2\/product_tag?post=23926"}],"curies":[{"name":"wp","href":"https:\/\/api.w.org\/{rel}","templated":true}]}}