{"id":23885,"date":"2025-11-07T22:44:45","date_gmt":"2025-11-07T21:44:45","guid":{"rendered":"https:\/\/www.ernstbrunn-apotheke.at\/katalog\/produkt\/b-sand-the-peeling-50-ml\/"},"modified":"2025-12-08T14:37:21","modified_gmt":"2025-12-08T13:37:21","slug":"b-sand-the-peeling-50-ml","status":"publish","type":"product","link":"https:\/\/www.ernstbrunn-apotheke.at\/katalog\/produkt\/b-sand-the-peeling-50-ml\/","title":{"rendered":"B Sand The Peeling 50 ml"},"content":{"rendered":"<p>B Sand The Peeling regeneriert, verringert F\u00e4ltchen und Flecken und verbessert das Hautbild bei Unreinheiten. Spezielle Mikroperlen sorgen f\u00fcr eine sanfte, und doch unglaublicheffiziente Peelingwirkung. Ein Wirkstoffkomplex aus Fruchts\u00e4uren beseitigt Unreinheiten der Hautoberfl\u00e4che, verfeinert das Hautbild und regt die Zellregeneration an.<\/p>\n","protected":false},"excerpt":{"rendered":"<p>B Sand The Peeling regeneriert, verringert F\u00e4ltchen und Flecken und verbessert das Hautbild bei Unreinheiten. Spezielle Mikroperlen sorgen f\u00fcr eine sanfte, und doch unglaublicheffiziente Peelingwirkung. Ein Wirkstoffkomplex aus Fruchts\u00e4uren beseitigt Unreinheiten der Hautoberfl\u00e4che, verfeinert das Hautbild und regt die Zellregeneration an.<\/p>\n","protected":false},"featured_media":23887,"template":"","meta":{"_acf_changed":false},"product_brand":[],"product_cat":[802],"product_tag":[],"class_list":{"0":"post-23885","1":"product","2":"type-product","3":"status-publish","4":"has-post-thumbnail","6":"product_cat-b","7":"pa_packungsgroesse-50ml","9":"first","10":"instock","11":"shipping-taxable","12":"purchasable","13":"product-type-simple"},"acf":[],"_links":{"self":[{"href":"https:\/\/www.ernstbrunn-apotheke.at\/katalog\/wp-json\/wp\/v2\/product\/23885","targetHints":{"allow":["GET"]}}],"collection":[{"href":"https:\/\/www.ernstbrunn-apotheke.at\/katalog\/wp-json\/wp\/v2\/product"}],"about":[{"href":"https:\/\/www.ernstbrunn-apotheke.at\/katalog\/wp-json\/wp\/v2\/types\/product"}],"wp:featuredmedia":[{"embeddable":true,"href":"https:\/\/www.ernstbrunn-apotheke.at\/katalog\/wp-json\/wp\/v2\/media\/23887"}],"wp:attachment":[{"href":"https:\/\/www.ernstbrunn-apotheke.at\/katalog\/wp-json\/wp\/v2\/media?parent=23885"}],"wp:term":[{"taxonomy":"product_brand","embeddable":true,"href":"https:\/\/www.ernstbrunn-apotheke.at\/katalog\/wp-json\/wp\/v2\/product_brand?post=23885"},{"taxonomy":"product_cat","embeddable":true,"href":"https:\/\/www.ernstbrunn-apotheke.at\/katalog\/wp-json\/wp\/v2\/product_cat?post=23885"},{"taxonomy":"product_tag","embeddable":true,"href":"https:\/\/www.ernstbrunn-apotheke.at\/katalog\/wp-json\/wp\/v2\/product_tag?post=23885"}],"curies":[{"name":"wp","href":"https:\/\/api.w.org\/{rel}","templated":true}]}}