{"id":23873,"date":"2025-11-07T22:44:24","date_gmt":"2025-11-07T21:44:24","guid":{"rendered":"https:\/\/www.ernstbrunn-apotheke.at\/katalog\/produkt\/medipharma-cosmetics-haut-in-balance-olivenoel-feuchtigkeitspflege-50-ml\/"},"modified":"2025-12-08T14:37:18","modified_gmt":"2025-12-08T13:37:18","slug":"medipharma-cosmetics-haut-in-balance-olivenoel-feuchtigkeitspflege-50-ml","status":"publish","type":"product","link":"https:\/\/www.ernstbrunn-apotheke.at\/katalog\/produkt\/medipharma-cosmetics-haut-in-balance-olivenoel-feuchtigkeitspflege-50-ml\/","title":{"rendered":"Medipharma Cosmetics Haut in Balance Oliven\u00f6l Feuchtigkeitspflege 50 ml"},"content":{"rendered":"<p>Medipharma Cosmetics Haut in Balance Oliven\u00f6l Feuchtigkeitspflege mit kaltgepresstem Oliven\u00f6l und hautpflegender Shea Butter sch\u00fctzt die Haut vor dem Austrocknen und pflegt sie zart und geschmeidig. Ein spezieller Vitamin-Komplex mit Urea spendet intensive Feuchtigkeit. Die Haut wird erfrischt und f\u00fchlt sich sichtbar glatter an.<\/p>\n","protected":false},"excerpt":{"rendered":"<p>Medipharma Cosmetics Haut in Balance Oliven\u00f6l Feuchtigkeitspflege mit kaltgepresstem Oliven\u00f6l und hautpflegender Shea Butter sch\u00fctzt die Haut vor dem Austrocknen und pflegt sie zart und geschmeidig. Ein spezieller Vitamin-Komplex mit Urea spendet intensive Feuchtigkeit. Die Haut wird erfrischt und f\u00fchlt sich sichtbar glatter an.<\/p>\n","protected":false},"featured_media":23875,"template":"","meta":{"_acf_changed":false},"product_brand":[685],"product_cat":[800],"product_tag":[],"class_list":{"0":"post-23873","1":"product","2":"type-product","3":"status-publish","4":"has-post-thumbnail","6":"product_brand-olivenoel-theiss","7":"product_cat-m","8":"pa_packungsgroesse-50ml","10":"first","11":"instock","12":"shipping-taxable","13":"purchasable","14":"product-type-simple"},"acf":[],"_links":{"self":[{"href":"https:\/\/www.ernstbrunn-apotheke.at\/katalog\/wp-json\/wp\/v2\/product\/23873","targetHints":{"allow":["GET"]}}],"collection":[{"href":"https:\/\/www.ernstbrunn-apotheke.at\/katalog\/wp-json\/wp\/v2\/product"}],"about":[{"href":"https:\/\/www.ernstbrunn-apotheke.at\/katalog\/wp-json\/wp\/v2\/types\/product"}],"wp:featuredmedia":[{"embeddable":true,"href":"https:\/\/www.ernstbrunn-apotheke.at\/katalog\/wp-json\/wp\/v2\/media\/23875"}],"wp:attachment":[{"href":"https:\/\/www.ernstbrunn-apotheke.at\/katalog\/wp-json\/wp\/v2\/media?parent=23873"}],"wp:term":[{"taxonomy":"product_brand","embeddable":true,"href":"https:\/\/www.ernstbrunn-apotheke.at\/katalog\/wp-json\/wp\/v2\/product_brand?post=23873"},{"taxonomy":"product_cat","embeddable":true,"href":"https:\/\/www.ernstbrunn-apotheke.at\/katalog\/wp-json\/wp\/v2\/product_cat?post=23873"},{"taxonomy":"product_tag","embeddable":true,"href":"https:\/\/www.ernstbrunn-apotheke.at\/katalog\/wp-json\/wp\/v2\/product_tag?post=23873"}],"curies":[{"name":"wp","href":"https:\/\/api.w.org\/{rel}","templated":true}]}}