{"id":23813,"date":"2025-11-07T22:43:31","date_gmt":"2025-11-07T21:43:31","guid":{"rendered":"https:\/\/www.ernstbrunn-apotheke.at\/katalog\/produkt\/medipharma-cosmetics-olivenoel-augengel-15-ml\/"},"modified":"2025-12-08T14:36:47","modified_gmt":"2025-12-08T13:36:47","slug":"medipharma-cosmetics-olivenoel-augengel-15-ml","status":"publish","type":"product","link":"https:\/\/www.ernstbrunn-apotheke.at\/katalog\/produkt\/medipharma-cosmetics-olivenoel-augengel-15-ml\/","title":{"rendered":"Medipharma Cosmetics Oliven\u00f6l Augengel 15 ml"},"content":{"rendered":"<p>Medipharma Cosmetics Oliven\u00f6l Augengel ist eine Spezialpflege zur Anwendung bei F\u00e4ltchen, Augenringen und Schwellungen. Die Kombination wertvoller Inhaltsstoffe pflegt die empfindliche Haut im Bereich der Augen optimal. Eine regelm\u00e4\u00dfige Anwendung strafft und gl\u00e4ttet die Kontouren.<\/p>\n","protected":false},"excerpt":{"rendered":"<p>Medipharma Cosmetics Oliven\u00f6l Augengel ist eine Spezialpflege zur Anwendung bei F\u00e4ltchen, Augenringen und Schwellungen. Die Kombination wertvoller Inhaltsstoffe pflegt die empfindliche Haut im Bereich der Augen optimal. Eine regelm\u00e4\u00dfige Anwendung strafft und gl\u00e4ttet die Kontouren.<\/p>\n","protected":false},"featured_media":23815,"template":"","meta":{"_acf_changed":false},"product_brand":[685],"product_cat":[800],"product_tag":[],"class_list":{"0":"post-23813","1":"product","2":"type-product","3":"status-publish","4":"has-post-thumbnail","6":"product_brand-olivenoel-theiss","7":"product_cat-m","8":"pa_packungsgroesse-15ml","10":"first","11":"instock","12":"shipping-taxable","13":"purchasable","14":"product-type-simple"},"acf":[],"_links":{"self":[{"href":"https:\/\/www.ernstbrunn-apotheke.at\/katalog\/wp-json\/wp\/v2\/product\/23813","targetHints":{"allow":["GET"]}}],"collection":[{"href":"https:\/\/www.ernstbrunn-apotheke.at\/katalog\/wp-json\/wp\/v2\/product"}],"about":[{"href":"https:\/\/www.ernstbrunn-apotheke.at\/katalog\/wp-json\/wp\/v2\/types\/product"}],"wp:featuredmedia":[{"embeddable":true,"href":"https:\/\/www.ernstbrunn-apotheke.at\/katalog\/wp-json\/wp\/v2\/media\/23815"}],"wp:attachment":[{"href":"https:\/\/www.ernstbrunn-apotheke.at\/katalog\/wp-json\/wp\/v2\/media?parent=23813"}],"wp:term":[{"taxonomy":"product_brand","embeddable":true,"href":"https:\/\/www.ernstbrunn-apotheke.at\/katalog\/wp-json\/wp\/v2\/product_brand?post=23813"},{"taxonomy":"product_cat","embeddable":true,"href":"https:\/\/www.ernstbrunn-apotheke.at\/katalog\/wp-json\/wp\/v2\/product_cat?post=23813"},{"taxonomy":"product_tag","embeddable":true,"href":"https:\/\/www.ernstbrunn-apotheke.at\/katalog\/wp-json\/wp\/v2\/product_tag?post=23813"}],"curies":[{"name":"wp","href":"https:\/\/api.w.org\/{rel}","templated":true}]}}