{"id":23701,"date":"2025-11-07T22:41:34","date_gmt":"2025-11-07T21:41:34","guid":{"rendered":"https:\/\/www.ernstbrunn-apotheke.at\/katalog\/produkt\/vichy-neovadiol-gf-rekonstruktive-pflege-fuer-normale-mischhaut\/"},"modified":"2025-12-08T14:36:08","modified_gmt":"2025-12-08T13:36:08","slug":"vichy-neovadiol-gf-rekonstruktive-pflege-fuer-normale-mischhaut","status":"publish","type":"product","link":"https:\/\/www.ernstbrunn-apotheke.at\/katalog\/produkt\/vichy-neovadiol-gf-rekonstruktive-pflege-fuer-normale-mischhaut\/","title":{"rendered":"Vichy NEOVADIOL GF rekonstruktive Pflege f\u00fcr Normale-\/Mischhaut"},"content":{"rendered":"<p>VICHY\u00ae Neovadiol Gf ist eine spezielle Tagespflege f\u00fcr normale bis Mischhaut mit Anti-Aging-Wirkung. Speziell nach oder w\u00e4hrend der Menopause geeignet, denn die abnehmende Hormonaktivit\u00e4t beeinflusst die Haut.<\/p>\n","protected":false},"excerpt":{"rendered":"<p>VICHY\u00ae Neovadiol Gf ist eine spezielle Tagespflege f\u00fcr normale bis Mischhaut mit Anti-Aging-Wirkung. Speziell nach oder w\u00e4hrend der Menopause geeignet, denn die abnehmende Hormonaktivit\u00e4t beeinflusst die Haut.<\/p>\n","protected":false},"featured_media":23703,"template":"","meta":{"_acf_changed":false},"product_brand":[675],"product_cat":[799],"product_tag":[],"class_list":{"0":"post-23701","1":"product","2":"type-product","3":"status-publish","4":"has-post-thumbnail","6":"product_brand-vichy","7":"product_cat-v","8":"pa_packungsgroesse-50ml","10":"first","11":"instock","12":"shipping-taxable","13":"purchasable","14":"product-type-simple"},"acf":[],"_links":{"self":[{"href":"https:\/\/www.ernstbrunn-apotheke.at\/katalog\/wp-json\/wp\/v2\/product\/23701","targetHints":{"allow":["GET"]}}],"collection":[{"href":"https:\/\/www.ernstbrunn-apotheke.at\/katalog\/wp-json\/wp\/v2\/product"}],"about":[{"href":"https:\/\/www.ernstbrunn-apotheke.at\/katalog\/wp-json\/wp\/v2\/types\/product"}],"wp:featuredmedia":[{"embeddable":true,"href":"https:\/\/www.ernstbrunn-apotheke.at\/katalog\/wp-json\/wp\/v2\/media\/23703"}],"wp:attachment":[{"href":"https:\/\/www.ernstbrunn-apotheke.at\/katalog\/wp-json\/wp\/v2\/media?parent=23701"}],"wp:term":[{"taxonomy":"product_brand","embeddable":true,"href":"https:\/\/www.ernstbrunn-apotheke.at\/katalog\/wp-json\/wp\/v2\/product_brand?post=23701"},{"taxonomy":"product_cat","embeddable":true,"href":"https:\/\/www.ernstbrunn-apotheke.at\/katalog\/wp-json\/wp\/v2\/product_cat?post=23701"},{"taxonomy":"product_tag","embeddable":true,"href":"https:\/\/www.ernstbrunn-apotheke.at\/katalog\/wp-json\/wp\/v2\/product_tag?post=23701"}],"curies":[{"name":"wp","href":"https:\/\/api.w.org\/{rel}","templated":true}]}}