{"id":23692,"date":"2025-11-07T22:41:24","date_gmt":"2025-11-07T21:41:24","guid":{"rendered":"https:\/\/www.ernstbrunn-apotheke.at\/katalog\/produkt\/medipharma-cosmetics-nachtkerzen-gesichtspflege-50-ml\/"},"modified":"2025-12-08T14:36:05","modified_gmt":"2025-12-08T13:36:05","slug":"medipharma-cosmetics-nachtkerzen-gesichtspflege-50-ml","status":"publish","type":"product","link":"https:\/\/www.ernstbrunn-apotheke.at\/katalog\/produkt\/medipharma-cosmetics-nachtkerzen-gesichtspflege-50-ml\/","title":{"rendered":"Medipharma Cosmetics Nachtkerzen Gesichtspflege 50 ml"},"content":{"rendered":"<p>Medipharma Cosmetics Nachtkerzen Gesichtspflege ist eine Spezialpflege bei trockener Haut, auch therapiebegleitend bei Neurodermitis. Der Anteil von 7 % reines Nachtkerzen\u00f6l versorgt trockene und sensible Haut mit ausreichend Fett und Feuchtigkeit. Die Zus\u00e4tze von Weizenkeim-, Avocado- und Mandel\u00f6l pflegen die Haut sanft und sch\u00fctzen sie gleichzeitig vor dem Austrocknen.<\/p>\n","protected":false},"excerpt":{"rendered":"<p>Medipharma Cosmetics Nachtkerzen Gesichtspflege ist eine Spezialpflege bei trockener Haut, auch therapiebegleitend bei Neurodermitis. Der Anteil von 7 % reines Nachtkerzen\u00f6l versorgt trockene und sensible Haut mit ausreichend Fett und Feuchtigkeit. Die Zus\u00e4tze von Weizenkeim-, Avocado- und Mandel\u00f6l pflegen die Haut sanft und sch\u00fctzen sie gleichzeitig vor dem Austrocknen.<\/p>\n","protected":false},"featured_media":23694,"template":"","meta":{"_acf_changed":false},"product_brand":[715],"product_cat":[800],"product_tag":[],"class_list":{"0":"post-23692","1":"product","2":"type-product","3":"status-publish","4":"has-post-thumbnail","6":"product_brand-theiss","7":"product_cat-m","8":"pa_packungsgroesse-50ml","10":"first","11":"instock","12":"shipping-taxable","13":"purchasable","14":"product-type-simple"},"acf":[],"_links":{"self":[{"href":"https:\/\/www.ernstbrunn-apotheke.at\/katalog\/wp-json\/wp\/v2\/product\/23692","targetHints":{"allow":["GET"]}}],"collection":[{"href":"https:\/\/www.ernstbrunn-apotheke.at\/katalog\/wp-json\/wp\/v2\/product"}],"about":[{"href":"https:\/\/www.ernstbrunn-apotheke.at\/katalog\/wp-json\/wp\/v2\/types\/product"}],"wp:featuredmedia":[{"embeddable":true,"href":"https:\/\/www.ernstbrunn-apotheke.at\/katalog\/wp-json\/wp\/v2\/media\/23694"}],"wp:attachment":[{"href":"https:\/\/www.ernstbrunn-apotheke.at\/katalog\/wp-json\/wp\/v2\/media?parent=23692"}],"wp:term":[{"taxonomy":"product_brand","embeddable":true,"href":"https:\/\/www.ernstbrunn-apotheke.at\/katalog\/wp-json\/wp\/v2\/product_brand?post=23692"},{"taxonomy":"product_cat","embeddable":true,"href":"https:\/\/www.ernstbrunn-apotheke.at\/katalog\/wp-json\/wp\/v2\/product_cat?post=23692"},{"taxonomy":"product_tag","embeddable":true,"href":"https:\/\/www.ernstbrunn-apotheke.at\/katalog\/wp-json\/wp\/v2\/product_tag?post=23692"}],"curies":[{"name":"wp","href":"https:\/\/api.w.org\/{rel}","templated":true}]}}