{"id":23659,"date":"2025-11-07T22:40:46","date_gmt":"2025-11-07T21:40:46","guid":{"rendered":"https:\/\/www.ernstbrunn-apotheke.at\/katalog\/produkt\/weleda-erfrischende-2-in-1-reinigung-100-ml\/"},"modified":"2025-12-08T14:35:51","modified_gmt":"2025-12-08T13:35:51","slug":"weleda-erfrischende-2-in-1-reinigung-100-ml","status":"publish","type":"product","link":"https:\/\/www.ernstbrunn-apotheke.at\/katalog\/produkt\/weleda-erfrischende-2-in-1-reinigung-100-ml\/","title":{"rendered":"Weleda Erfrischende 2-in-1 Reinigung 100 ml"},"content":{"rendered":"<p>Weleda Erfrischende 2-in-1 Reinigung wirkt porentief und tonisiert die Haut &#8211; in nur einem Pflegeschritt. Die milchige Lotion f\u00fcr normale und Mischhaut reinigt porentief mit nat\u00fcrlicher Oliven\u00f6lseife, tonisiert die Haut gleichzeitig und verfeinert das Hautbild. Der citrus-frische Duft aus echten \u00e4therischen \u00d6len belebt die Haut und die Sinne.<\/p>\n","protected":false},"excerpt":{"rendered":"<p>Weleda Erfrischende 2-in-1 Reinigung wirkt porentief und tonisiert die Haut &#8211; in nur einem Pflegeschritt. Die milchige Lotion f\u00fcr normale und Mischhaut reinigt porentief mit nat\u00fcrlicher Oliven\u00f6lseife, tonisiert die Haut gleichzeitig und verfeinert das Hautbild. Der citrus-frische Duft aus echten \u00e4therischen \u00d6len belebt die Haut und die Sinne.<\/p>\n","protected":false},"featured_media":23661,"template":"","meta":{"_acf_changed":false},"product_brand":[567],"product_cat":[796],"product_tag":[],"class_list":{"0":"post-23659","1":"product","2":"type-product","3":"status-publish","4":"has-post-thumbnail","6":"product_brand-weleda","7":"product_cat-w","8":"pa_packungsgroesse-100ml","10":"first","11":"instock","12":"shipping-taxable","13":"purchasable","14":"product-type-simple"},"acf":[],"_links":{"self":[{"href":"https:\/\/www.ernstbrunn-apotheke.at\/katalog\/wp-json\/wp\/v2\/product\/23659","targetHints":{"allow":["GET"]}}],"collection":[{"href":"https:\/\/www.ernstbrunn-apotheke.at\/katalog\/wp-json\/wp\/v2\/product"}],"about":[{"href":"https:\/\/www.ernstbrunn-apotheke.at\/katalog\/wp-json\/wp\/v2\/types\/product"}],"wp:featuredmedia":[{"embeddable":true,"href":"https:\/\/www.ernstbrunn-apotheke.at\/katalog\/wp-json\/wp\/v2\/media\/23661"}],"wp:attachment":[{"href":"https:\/\/www.ernstbrunn-apotheke.at\/katalog\/wp-json\/wp\/v2\/media?parent=23659"}],"wp:term":[{"taxonomy":"product_brand","embeddable":true,"href":"https:\/\/www.ernstbrunn-apotheke.at\/katalog\/wp-json\/wp\/v2\/product_brand?post=23659"},{"taxonomy":"product_cat","embeddable":true,"href":"https:\/\/www.ernstbrunn-apotheke.at\/katalog\/wp-json\/wp\/v2\/product_cat?post=23659"},{"taxonomy":"product_tag","embeddable":true,"href":"https:\/\/www.ernstbrunn-apotheke.at\/katalog\/wp-json\/wp\/v2\/product_tag?post=23659"}],"curies":[{"name":"wp","href":"https:\/\/api.w.org\/{rel}","templated":true}]}}