{"id":23610,"date":"2025-11-07T22:40:12","date_gmt":"2025-11-07T21:40:12","guid":{"rendered":"https:\/\/www.ernstbrunn-apotheke.at\/katalog\/produkt\/vichy-neovadiol-gf-creme-fuer-trockene-haut\/"},"modified":"2025-12-08T14:35:36","modified_gmt":"2025-12-08T13:35:36","slug":"vichy-neovadiol-gf-creme-fuer-trockene-haut","status":"publish","type":"product","link":"https:\/\/www.ernstbrunn-apotheke.at\/katalog\/produkt\/vichy-neovadiol-gf-creme-fuer-trockene-haut\/","title":{"rendered":"Vichy NEOVADIOL GF Creme f\u00fcr trockene Haut"},"content":{"rendered":"<p>VICHY\u00ae Neovadiol Gf ist eine spezielle Tagespflege f\u00fcr normale bis Mischhaut mit Anti-Aging-Wirkung. Speziell nach oder w\u00e4hrend der Menopause geeignet, denn die abnehmende Hormonaktivit\u00e4t beeinflusst die Haut.<\/p>\n","protected":false},"excerpt":{"rendered":"<p>VICHY\u00ae Neovadiol Gf ist eine spezielle Tagespflege f\u00fcr normale bis Mischhaut mit Anti-Aging-Wirkung. Speziell nach oder w\u00e4hrend der Menopause geeignet, denn die abnehmende Hormonaktivit\u00e4t beeinflusst die Haut.<\/p>\n","protected":false},"featured_media":23612,"template":"","meta":{"_acf_changed":false},"product_brand":[675],"product_cat":[799],"product_tag":[],"class_list":{"0":"post-23610","1":"product","2":"type-product","3":"status-publish","4":"has-post-thumbnail","6":"product_brand-vichy","7":"product_cat-v","8":"pa_packungsgroesse-50ml","10":"first","11":"instock","12":"shipping-taxable","13":"purchasable","14":"product-type-simple"},"acf":[],"_links":{"self":[{"href":"https:\/\/www.ernstbrunn-apotheke.at\/katalog\/wp-json\/wp\/v2\/product\/23610","targetHints":{"allow":["GET"]}}],"collection":[{"href":"https:\/\/www.ernstbrunn-apotheke.at\/katalog\/wp-json\/wp\/v2\/product"}],"about":[{"href":"https:\/\/www.ernstbrunn-apotheke.at\/katalog\/wp-json\/wp\/v2\/types\/product"}],"wp:featuredmedia":[{"embeddable":true,"href":"https:\/\/www.ernstbrunn-apotheke.at\/katalog\/wp-json\/wp\/v2\/media\/23612"}],"wp:attachment":[{"href":"https:\/\/www.ernstbrunn-apotheke.at\/katalog\/wp-json\/wp\/v2\/media?parent=23610"}],"wp:term":[{"taxonomy":"product_brand","embeddable":true,"href":"https:\/\/www.ernstbrunn-apotheke.at\/katalog\/wp-json\/wp\/v2\/product_brand?post=23610"},{"taxonomy":"product_cat","embeddable":true,"href":"https:\/\/www.ernstbrunn-apotheke.at\/katalog\/wp-json\/wp\/v2\/product_cat?post=23610"},{"taxonomy":"product_tag","embeddable":true,"href":"https:\/\/www.ernstbrunn-apotheke.at\/katalog\/wp-json\/wp\/v2\/product_tag?post=23610"}],"curies":[{"name":"wp","href":"https:\/\/api.w.org\/{rel}","templated":true}]}}