{"id":23582,"date":"2025-11-07T22:39:40","date_gmt":"2025-11-07T21:39:40","guid":{"rendered":"https:\/\/www.ernstbrunn-apotheke.at\/katalog\/produkt\/weleda-mandel-sensitive-feuchtigkeitspflege-30-ml\/"},"modified":"2025-12-08T14:35:32","modified_gmt":"2025-12-08T13:35:32","slug":"weleda-mandel-sensitive-feuchtigkeitspflege-30-ml","status":"publish","type":"product","link":"https:\/\/www.ernstbrunn-apotheke.at\/katalog\/produkt\/weleda-mandel-sensitive-feuchtigkeitspflege-30-ml\/","title":{"rendered":"Weleda Mandel Sensitive Feuchtigkeitspflege 30 ml"},"content":{"rendered":"<p>Weleda Mandel Sensitive Feuchtigkeitspflege eignet sich als bes\u00e4nftigende Tages- und Nachtpflege. Sie st\u00e4rkt die Schutzfunktionen empfindlicher Haut und sch\u00fctzt dadurch vor Umwelteinfl\u00fcssen.<\/p>\n","protected":false},"excerpt":{"rendered":"<p>Weleda Mandel Sensitive Feuchtigkeitspflege eignet sich als bes\u00e4nftigende Tages- und Nachtpflege. Sie st\u00e4rkt die Schutzfunktionen empfindlicher Haut und sch\u00fctzt dadurch vor Umwelteinfl\u00fcssen.<\/p>\n","protected":false},"featured_media":23584,"template":"","meta":{"_acf_changed":false},"product_brand":[567],"product_cat":[796],"product_tag":[],"class_list":{"0":"post-23582","1":"product","2":"type-product","3":"status-publish","4":"has-post-thumbnail","6":"product_brand-weleda","7":"product_cat-w","8":"pa_packungsgroesse-30ml","10":"first","11":"instock","12":"shipping-taxable","13":"purchasable","14":"product-type-simple"},"acf":[],"_links":{"self":[{"href":"https:\/\/www.ernstbrunn-apotheke.at\/katalog\/wp-json\/wp\/v2\/product\/23582","targetHints":{"allow":["GET"]}}],"collection":[{"href":"https:\/\/www.ernstbrunn-apotheke.at\/katalog\/wp-json\/wp\/v2\/product"}],"about":[{"href":"https:\/\/www.ernstbrunn-apotheke.at\/katalog\/wp-json\/wp\/v2\/types\/product"}],"wp:featuredmedia":[{"embeddable":true,"href":"https:\/\/www.ernstbrunn-apotheke.at\/katalog\/wp-json\/wp\/v2\/media\/23584"}],"wp:attachment":[{"href":"https:\/\/www.ernstbrunn-apotheke.at\/katalog\/wp-json\/wp\/v2\/media?parent=23582"}],"wp:term":[{"taxonomy":"product_brand","embeddable":true,"href":"https:\/\/www.ernstbrunn-apotheke.at\/katalog\/wp-json\/wp\/v2\/product_brand?post=23582"},{"taxonomy":"product_cat","embeddable":true,"href":"https:\/\/www.ernstbrunn-apotheke.at\/katalog\/wp-json\/wp\/v2\/product_cat?post=23582"},{"taxonomy":"product_tag","embeddable":true,"href":"https:\/\/www.ernstbrunn-apotheke.at\/katalog\/wp-json\/wp\/v2\/product_tag?post=23582"}],"curies":[{"name":"wp","href":"https:\/\/api.w.org\/{rel}","templated":true}]}}