{"id":23570,"date":"2025-11-07T22:39:17","date_gmt":"2025-11-07T21:39:17","guid":{"rendered":"https:\/\/www.ernstbrunn-apotheke.at\/katalog\/produkt\/weleda-belebendes-gesichtswasser-100-ml\/"},"modified":"2025-12-08T14:35:29","modified_gmt":"2025-12-08T13:35:29","slug":"weleda-belebendes-gesichtswasser-100-ml","status":"publish","type":"product","link":"https:\/\/www.ernstbrunn-apotheke.at\/katalog\/produkt\/weleda-belebendes-gesichtswasser-100-ml\/","title":{"rendered":"Weleda Belebendes Gesichtswasser 100 ml"},"content":{"rendered":"<p>Weleda Belebendes Gesichtswasser kl\u00e4rt, erfrischt und tonisiert die Haut \u2013 ideal f\u00fcr jeden Hauttyp. Mild adstringierende Pflanzenstoffe wirken porenverfeinernd. Der neue leichte, frische Duft aus nat\u00fcrlichen \u00e4therischen \u00d6len belebt die Haut.<\/p>\n","protected":false},"excerpt":{"rendered":"<p>Weleda Belebendes Gesichtswasser kl\u00e4rt, erfrischt und tonisiert die Haut \u2013 ideal f\u00fcr jeden Hauttyp. Mild adstringierende Pflanzenstoffe wirken porenverfeinernd. Der neue leichte, frische Duft aus nat\u00fcrlichen \u00e4therischen \u00d6len belebt die Haut.<\/p>\n","protected":false},"featured_media":23572,"template":"","meta":{"_acf_changed":false},"product_brand":[567],"product_cat":[796],"product_tag":[],"class_list":{"0":"post-23570","1":"product","2":"type-product","3":"status-publish","4":"has-post-thumbnail","6":"product_brand-weleda","7":"product_cat-w","8":"pa_packungsgroesse-100ml","10":"first","11":"instock","12":"shipping-taxable","13":"purchasable","14":"product-type-simple"},"acf":[],"_links":{"self":[{"href":"https:\/\/www.ernstbrunn-apotheke.at\/katalog\/wp-json\/wp\/v2\/product\/23570","targetHints":{"allow":["GET"]}}],"collection":[{"href":"https:\/\/www.ernstbrunn-apotheke.at\/katalog\/wp-json\/wp\/v2\/product"}],"about":[{"href":"https:\/\/www.ernstbrunn-apotheke.at\/katalog\/wp-json\/wp\/v2\/types\/product"}],"wp:featuredmedia":[{"embeddable":true,"href":"https:\/\/www.ernstbrunn-apotheke.at\/katalog\/wp-json\/wp\/v2\/media\/23572"}],"wp:attachment":[{"href":"https:\/\/www.ernstbrunn-apotheke.at\/katalog\/wp-json\/wp\/v2\/media?parent=23570"}],"wp:term":[{"taxonomy":"product_brand","embeddable":true,"href":"https:\/\/www.ernstbrunn-apotheke.at\/katalog\/wp-json\/wp\/v2\/product_brand?post=23570"},{"taxonomy":"product_cat","embeddable":true,"href":"https:\/\/www.ernstbrunn-apotheke.at\/katalog\/wp-json\/wp\/v2\/product_cat?post=23570"},{"taxonomy":"product_tag","embeddable":true,"href":"https:\/\/www.ernstbrunn-apotheke.at\/katalog\/wp-json\/wp\/v2\/product_tag?post=23570"}],"curies":[{"name":"wp","href":"https:\/\/api.w.org\/{rel}","templated":true}]}}