{"id":23493,"date":"2025-11-07T22:38:09","date_gmt":"2025-11-07T21:38:09","guid":{"rendered":"https:\/\/www.ernstbrunn-apotheke.at\/katalog\/produkt\/weleda-mandel-wohltuende-reinigungsmilch-75ml\/"},"modified":"2025-12-08T14:35:02","modified_gmt":"2025-12-08T13:35:02","slug":"weleda-mandel-wohltuende-reinigungsmilch-75ml","status":"publish","type":"product","link":"https:\/\/www.ernstbrunn-apotheke.at\/katalog\/produkt\/weleda-mandel-wohltuende-reinigungsmilch-75ml\/","title":{"rendered":"Weleda Mandel Wohltuende Reinigungs\u00admilch, 75ml"},"content":{"rendered":"<p>Reinigt sanft und sch\u00fctzt vor dem AustrocknenIdeal zur sanften Reinigung sensibler Gesichtshaut und zur schonenden Entfernung von Make-up. Die sanfte Reinigungsmilch f\u00fcr einen reinen Teint: Die sahnige, unparf\u00fcmierte Emulsion reinigt besonders mild, wirkt r\u00fcckfettend und h\u00e4lt sensible Haut im gesunden Gleichgewicht. Zus\u00e4tzlich pflegt sie die Haut sanft mit mildem Mandel- und Pflaumenkern\u00f6l.<\/p>\n","protected":false},"excerpt":{"rendered":"<p>Reinigt sanft und sch\u00fctzt vor dem AustrocknenIdeal zur sanften Reinigung sensibler Gesichtshaut und zur schonenden Entfernung von Make-up. Die sanfte Reinigungsmilch f\u00fcr einen reinen Teint: Die sahnige, unparf\u00fcmierte Emulsion reinigt besonders mild, wirkt r\u00fcckfettend und h\u00e4lt sensible Haut im gesunden Gleichgewicht. Zus\u00e4tzlich pflegt sie die Haut sanft mit mildem Mandel- und Pflaumenkern\u00f6l.<\/p>\n","protected":false},"featured_media":23495,"template":"","meta":{"_acf_changed":false},"product_brand":[567],"product_cat":[796],"product_tag":[],"class_list":{"0":"post-23493","1":"product","2":"type-product","3":"status-publish","4":"has-post-thumbnail","6":"product_brand-weleda","7":"product_cat-w","8":"pa_packungsgroesse-75ml","10":"first","11":"instock","12":"shipping-taxable","13":"purchasable","14":"product-type-simple"},"acf":[],"_links":{"self":[{"href":"https:\/\/www.ernstbrunn-apotheke.at\/katalog\/wp-json\/wp\/v2\/product\/23493","targetHints":{"allow":["GET"]}}],"collection":[{"href":"https:\/\/www.ernstbrunn-apotheke.at\/katalog\/wp-json\/wp\/v2\/product"}],"about":[{"href":"https:\/\/www.ernstbrunn-apotheke.at\/katalog\/wp-json\/wp\/v2\/types\/product"}],"wp:featuredmedia":[{"embeddable":true,"href":"https:\/\/www.ernstbrunn-apotheke.at\/katalog\/wp-json\/wp\/v2\/media\/23495"}],"wp:attachment":[{"href":"https:\/\/www.ernstbrunn-apotheke.at\/katalog\/wp-json\/wp\/v2\/media?parent=23493"}],"wp:term":[{"taxonomy":"product_brand","embeddable":true,"href":"https:\/\/www.ernstbrunn-apotheke.at\/katalog\/wp-json\/wp\/v2\/product_brand?post=23493"},{"taxonomy":"product_cat","embeddable":true,"href":"https:\/\/www.ernstbrunn-apotheke.at\/katalog\/wp-json\/wp\/v2\/product_cat?post=23493"},{"taxonomy":"product_tag","embeddable":true,"href":"https:\/\/www.ernstbrunn-apotheke.at\/katalog\/wp-json\/wp\/v2\/product_tag?post=23493"}],"curies":[{"name":"wp","href":"https:\/\/api.w.org\/{rel}","templated":true}]}}