{"id":23453,"date":"2025-11-07T22:37:19","date_gmt":"2025-11-07T21:37:19","guid":{"rendered":"https:\/\/www.ernstbrunn-apotheke.at\/katalog\/produkt\/dr-hauschka-gesicht-nachtkur-ampullen-50-stk\/"},"modified":"2025-12-08T14:34:44","modified_gmt":"2025-12-08T13:34:44","slug":"dr-hauschka-gesicht-nachtkur-ampullen-50-stk","status":"publish","type":"product","link":"https:\/\/www.ernstbrunn-apotheke.at\/katalog\/produkt\/dr-hauschka-gesicht-nachtkur-ampullen-50-stk\/","title":{"rendered":"Dr. Hauschka Gesicht Nachtkur Ampullen 50 Stk."},"content":{"rendered":"<p>Dr. Hauschka Nachtkur Ampullen l\u00e4sst die Haut frei atmen und erinnert sie an ihre nat\u00fcrlichen Erneuerungsprozesse. Die Nachtkur als Impulsgeber normalisiert die Hautfunktionen und regt die Eigenkr\u00e4fte der Haut an. Die trockene Haut lernt wieder, Fett und Feuchtigkeit zu bewahren und die empfindliche Haut kr\u00e4ftigt sich. Die fettige, unreine Haut reduziert Fettbildung und \u00fcberm\u00e4\u00dfige Verhornung.<\/p>\n","protected":false},"excerpt":{"rendered":"<p>Dr. Hauschka Nachtkur Ampullen l\u00e4sst die Haut frei atmen und erinnert sie an ihre nat\u00fcrlichen Erneuerungsprozesse. Die Nachtkur als Impulsgeber normalisiert die Hautfunktionen und regt die Eigenkr\u00e4fte der Haut an. Die trockene Haut lernt wieder, Fett und Feuchtigkeit zu bewahren und die empfindliche Haut kr\u00e4ftigt sich. Die fettige, unreine Haut reduziert Fettbildung und \u00fcberm\u00e4\u00dfige Verhornung.<\/p>\n","protected":false},"featured_media":23455,"template":"","meta":{"_acf_changed":false},"product_brand":[679],"product_cat":[792],"product_tag":[],"class_list":{"0":"post-23453","1":"product","2":"type-product","3":"status-publish","4":"has-post-thumbnail","6":"product_brand-dr-hauschka","7":"product_cat-d","8":"pa_packungsgroesse-50-stueck","10":"first","11":"instock","12":"shipping-taxable","13":"purchasable","14":"product-type-simple"},"acf":[],"_links":{"self":[{"href":"https:\/\/www.ernstbrunn-apotheke.at\/katalog\/wp-json\/wp\/v2\/product\/23453","targetHints":{"allow":["GET"]}}],"collection":[{"href":"https:\/\/www.ernstbrunn-apotheke.at\/katalog\/wp-json\/wp\/v2\/product"}],"about":[{"href":"https:\/\/www.ernstbrunn-apotheke.at\/katalog\/wp-json\/wp\/v2\/types\/product"}],"wp:featuredmedia":[{"embeddable":true,"href":"https:\/\/www.ernstbrunn-apotheke.at\/katalog\/wp-json\/wp\/v2\/media\/23455"}],"wp:attachment":[{"href":"https:\/\/www.ernstbrunn-apotheke.at\/katalog\/wp-json\/wp\/v2\/media?parent=23453"}],"wp:term":[{"taxonomy":"product_brand","embeddable":true,"href":"https:\/\/www.ernstbrunn-apotheke.at\/katalog\/wp-json\/wp\/v2\/product_brand?post=23453"},{"taxonomy":"product_cat","embeddable":true,"href":"https:\/\/www.ernstbrunn-apotheke.at\/katalog\/wp-json\/wp\/v2\/product_cat?post=23453"},{"taxonomy":"product_tag","embeddable":true,"href":"https:\/\/www.ernstbrunn-apotheke.at\/katalog\/wp-json\/wp\/v2\/product_tag?post=23453"}],"curies":[{"name":"wp","href":"https:\/\/api.w.org\/{rel}","templated":true}]}}