{"id":23443,"date":"2025-11-07T22:37:19","date_gmt":"2025-11-07T21:37:19","guid":{"rendered":"https:\/\/www.ernstbrunn-apotheke.at\/katalog\/produkt\/eubos-sensitive-pflege-gesichtsreinigung-vitalschaum-150-ml\/"},"modified":"2025-12-08T14:34:42","modified_gmt":"2025-12-08T13:34:42","slug":"eubos-sensitive-pflege-gesichtsreinigung-vitalschaum-150-ml","status":"publish","type":"product","link":"https:\/\/www.ernstbrunn-apotheke.at\/katalog\/produkt\/eubos-sensitive-pflege-gesichtsreinigung-vitalschaum-150-ml\/","title":{"rendered":"Eubos Sensitive Pflege Gesichtsreinigung Vitalschaum 150 ml"},"content":{"rendered":"<p>Eubos Sensitive Pflege Gesichtsreinigung Vitalschaum ist ein selbstsch\u00e4umender Vital-Schaum f\u00fcr die sanfte, aber gr\u00fcndliche Reinigung empfindlicher und trockener Haut von Gesicht, Hals und Dekollet\u00e9.<\/p>\n","protected":false},"excerpt":{"rendered":"<p>Eubos Sensitive Pflege Gesichtsreinigung Vitalschaum ist ein selbstsch\u00e4umender Vital-Schaum f\u00fcr die sanfte, aber gr\u00fcndliche Reinigung empfindlicher und trockener Haut von Gesicht, Hals und Dekollet\u00e9.<\/p>\n","protected":false},"featured_media":23445,"template":"","meta":{"_acf_changed":false},"product_brand":[694],"product_cat":[794],"product_tag":[],"class_list":{"0":"post-23443","1":"product","2":"type-product","3":"status-publish","4":"has-post-thumbnail","6":"product_brand-eubos","7":"product_cat-e","8":"pa_packungsgroesse-150ml","10":"first","11":"instock","12":"shipping-taxable","13":"purchasable","14":"product-type-simple"},"acf":[],"_links":{"self":[{"href":"https:\/\/www.ernstbrunn-apotheke.at\/katalog\/wp-json\/wp\/v2\/product\/23443","targetHints":{"allow":["GET"]}}],"collection":[{"href":"https:\/\/www.ernstbrunn-apotheke.at\/katalog\/wp-json\/wp\/v2\/product"}],"about":[{"href":"https:\/\/www.ernstbrunn-apotheke.at\/katalog\/wp-json\/wp\/v2\/types\/product"}],"wp:featuredmedia":[{"embeddable":true,"href":"https:\/\/www.ernstbrunn-apotheke.at\/katalog\/wp-json\/wp\/v2\/media\/23445"}],"wp:attachment":[{"href":"https:\/\/www.ernstbrunn-apotheke.at\/katalog\/wp-json\/wp\/v2\/media?parent=23443"}],"wp:term":[{"taxonomy":"product_brand","embeddable":true,"href":"https:\/\/www.ernstbrunn-apotheke.at\/katalog\/wp-json\/wp\/v2\/product_brand?post=23443"},{"taxonomy":"product_cat","embeddable":true,"href":"https:\/\/www.ernstbrunn-apotheke.at\/katalog\/wp-json\/wp\/v2\/product_cat?post=23443"},{"taxonomy":"product_tag","embeddable":true,"href":"https:\/\/www.ernstbrunn-apotheke.at\/katalog\/wp-json\/wp\/v2\/product_tag?post=23443"}],"curies":[{"name":"wp","href":"https:\/\/api.w.org\/{rel}","templated":true}]}}