{"id":23324,"date":"2025-11-07T22:35:22","date_gmt":"2025-11-07T21:35:22","guid":{"rendered":"https:\/\/www.ernstbrunn-apotheke.at\/katalog\/produkt\/celyoung-age-less-creme-50-ml\/"},"modified":"2025-12-08T14:34:00","modified_gmt":"2025-12-08T13:34:00","slug":"celyoung-age-less-creme-50-ml","status":"publish","type":"product","link":"https:\/\/www.ernstbrunn-apotheke.at\/katalog\/produkt\/celyoung-age-less-creme-50-ml\/","title":{"rendered":"Celyoung Age Less Creme 50 ml"},"content":{"rendered":"<p>Die Celyoung Age Less Creme unterst\u00fctzt die Zellerneuerung und Hautfestigkeit. Die optimale Verj\u00fcngungskur f\u00fcr trockene bis normale Haut.<\/p>\n","protected":false},"excerpt":{"rendered":"<p>Die Celyoung Age Less Creme unterst\u00fctzt die Zellerneuerung und Hautfestigkeit. Die optimale Verj\u00fcngungskur f\u00fcr trockene bis normale Haut.<\/p>\n","protected":false},"featured_media":23326,"template":"","meta":{"_acf_changed":false},"product_brand":[690],"product_cat":[812],"product_tag":[],"class_list":{"0":"post-23324","1":"product","2":"type-product","3":"status-publish","4":"has-post-thumbnail","6":"product_brand-celyoung","7":"product_cat-c","8":"pa_packungsgroesse-50ml","10":"first","11":"instock","12":"shipping-taxable","13":"purchasable","14":"product-type-simple"},"acf":[],"_links":{"self":[{"href":"https:\/\/www.ernstbrunn-apotheke.at\/katalog\/wp-json\/wp\/v2\/product\/23324","targetHints":{"allow":["GET"]}}],"collection":[{"href":"https:\/\/www.ernstbrunn-apotheke.at\/katalog\/wp-json\/wp\/v2\/product"}],"about":[{"href":"https:\/\/www.ernstbrunn-apotheke.at\/katalog\/wp-json\/wp\/v2\/types\/product"}],"wp:featuredmedia":[{"embeddable":true,"href":"https:\/\/www.ernstbrunn-apotheke.at\/katalog\/wp-json\/wp\/v2\/media\/23326"}],"wp:attachment":[{"href":"https:\/\/www.ernstbrunn-apotheke.at\/katalog\/wp-json\/wp\/v2\/media?parent=23324"}],"wp:term":[{"taxonomy":"product_brand","embeddable":true,"href":"https:\/\/www.ernstbrunn-apotheke.at\/katalog\/wp-json\/wp\/v2\/product_brand?post=23324"},{"taxonomy":"product_cat","embeddable":true,"href":"https:\/\/www.ernstbrunn-apotheke.at\/katalog\/wp-json\/wp\/v2\/product_cat?post=23324"},{"taxonomy":"product_tag","embeddable":true,"href":"https:\/\/www.ernstbrunn-apotheke.at\/katalog\/wp-json\/wp\/v2\/product_tag?post=23324"}],"curies":[{"name":"wp","href":"https:\/\/api.w.org\/{rel}","templated":true}]}}