{"id":23293,"date":"2025-11-07T22:35:03","date_gmt":"2025-11-07T21:35:03","guid":{"rendered":"https:\/\/www.ernstbrunn-apotheke.at\/katalog\/produkt\/weleda-gesichtscreme-weisse-malve-50-ml\/"},"modified":"2025-12-08T14:33:49","modified_gmt":"2025-12-08T13:33:49","slug":"weleda-gesichtscreme-weisse-malve-50-ml","status":"publish","type":"product","link":"https:\/\/www.ernstbrunn-apotheke.at\/katalog\/produkt\/weleda-gesichtscreme-weisse-malve-50-ml\/","title":{"rendered":"Weleda Gesichtscreme Wei\u00dfe Malve 50 ml"},"content":{"rendered":"<p>Die unparf\u00fcmierte Creme pflegt und beruhigt hochsensible bis  neurodermitische Babyhaut mit rein nat\u00fcrlichen Substanzen. Ausz\u00fcge aus der Wei\u00dfen Bio-Malve und Stiefm\u00fctterchen regulieren den Feuchtigkeitsgehalt der Haut und lindern den Juckreiz.<\/p>\n","protected":false},"excerpt":{"rendered":"<p>Die unparf\u00fcmierte Creme pflegt und beruhigt hochsensible bis neurodermitische Babyhaut mit rein nat\u00fcrlichen Substanzen. Ausz\u00fcge aus der Wei\u00dfen Bio-Malve und Stiefm\u00fctterchen regulieren den Feuchtigkeitsgehalt der Haut und lindern den Juckreiz.<\/p>\n","protected":false},"featured_media":23295,"template":"","meta":{"_acf_changed":false},"product_brand":[567],"product_cat":[796],"product_tag":[],"class_list":{"0":"post-23293","1":"product","2":"type-product","3":"status-publish","4":"has-post-thumbnail","6":"product_brand-weleda","7":"product_cat-w","8":"pa_packungsgroesse-50ml","10":"first","11":"instock","12":"shipping-taxable","13":"purchasable","14":"product-type-simple"},"acf":[],"_links":{"self":[{"href":"https:\/\/www.ernstbrunn-apotheke.at\/katalog\/wp-json\/wp\/v2\/product\/23293","targetHints":{"allow":["GET"]}}],"collection":[{"href":"https:\/\/www.ernstbrunn-apotheke.at\/katalog\/wp-json\/wp\/v2\/product"}],"about":[{"href":"https:\/\/www.ernstbrunn-apotheke.at\/katalog\/wp-json\/wp\/v2\/types\/product"}],"wp:featuredmedia":[{"embeddable":true,"href":"https:\/\/www.ernstbrunn-apotheke.at\/katalog\/wp-json\/wp\/v2\/media\/23295"}],"wp:attachment":[{"href":"https:\/\/www.ernstbrunn-apotheke.at\/katalog\/wp-json\/wp\/v2\/media?parent=23293"}],"wp:term":[{"taxonomy":"product_brand","embeddable":true,"href":"https:\/\/www.ernstbrunn-apotheke.at\/katalog\/wp-json\/wp\/v2\/product_brand?post=23293"},{"taxonomy":"product_cat","embeddable":true,"href":"https:\/\/www.ernstbrunn-apotheke.at\/katalog\/wp-json\/wp\/v2\/product_cat?post=23293"},{"taxonomy":"product_tag","embeddable":true,"href":"https:\/\/www.ernstbrunn-apotheke.at\/katalog\/wp-json\/wp\/v2\/product_tag?post=23293"}],"curies":[{"name":"wp","href":"https:\/\/api.w.org\/{rel}","templated":true}]}}