{"id":23249,"date":"2025-11-07T22:34:20","date_gmt":"2025-11-07T21:34:20","guid":{"rendered":"https:\/\/www.ernstbrunn-apotheke.at\/katalog\/produkt\/medipharma-haut-in-balance-coupeliac-spezialpflege-gel-20-ml\/"},"modified":"2025-12-08T14:33:20","modified_gmt":"2025-12-08T13:33:20","slug":"medipharma-haut-in-balance-coupeliac-spezialpflege-gel-20-ml","status":"publish","type":"product","link":"https:\/\/www.ernstbrunn-apotheke.at\/katalog\/produkt\/medipharma-haut-in-balance-coupeliac-spezialpflege-gel-20-ml\/","title":{"rendered":"Medipharma Haut in Balance Coupeliac Spezialpflege-Gel 20 ml"},"content":{"rendered":"<p>Medipharma Cosmetics Oliven\u00f6l Haut in Balance Coupeliac Spezialpflege-Gel wurde speziell f\u00fcr die empfindliche und zu Couperose neigende Haut entwickelt. Die enthaltene Wirkstoffkombination beruhigt, verleiht ein angenehmes Hautgef\u00fchl und lindert das Hitzegef\u00fchl in den ger\u00f6teten Bereichen.<\/p>\n","protected":false},"excerpt":{"rendered":"<p>Medipharma Cosmetics Oliven\u00f6l Haut in Balance Coupeliac Spezialpflege-Gel wurde speziell f\u00fcr die empfindliche und zu Couperose neigende Haut entwickelt. Die enthaltene Wirkstoffkombination beruhigt, verleiht ein angenehmes Hautgef\u00fchl und lindert das Hitzegef\u00fchl in den ger\u00f6teten Bereichen.<\/p>\n","protected":false},"featured_media":23251,"template":"","meta":{"_acf_changed":false},"product_brand":[],"product_cat":[800],"product_tag":[],"class_list":{"0":"post-23249","1":"product","2":"type-product","3":"status-publish","4":"has-post-thumbnail","6":"product_cat-m","7":"pa_packungsgroesse-20ml","9":"first","10":"instock","11":"shipping-taxable","12":"purchasable","13":"product-type-simple"},"acf":[],"_links":{"self":[{"href":"https:\/\/www.ernstbrunn-apotheke.at\/katalog\/wp-json\/wp\/v2\/product\/23249","targetHints":{"allow":["GET"]}}],"collection":[{"href":"https:\/\/www.ernstbrunn-apotheke.at\/katalog\/wp-json\/wp\/v2\/product"}],"about":[{"href":"https:\/\/www.ernstbrunn-apotheke.at\/katalog\/wp-json\/wp\/v2\/types\/product"}],"wp:featuredmedia":[{"embeddable":true,"href":"https:\/\/www.ernstbrunn-apotheke.at\/katalog\/wp-json\/wp\/v2\/media\/23251"}],"wp:attachment":[{"href":"https:\/\/www.ernstbrunn-apotheke.at\/katalog\/wp-json\/wp\/v2\/media?parent=23249"}],"wp:term":[{"taxonomy":"product_brand","embeddable":true,"href":"https:\/\/www.ernstbrunn-apotheke.at\/katalog\/wp-json\/wp\/v2\/product_brand?post=23249"},{"taxonomy":"product_cat","embeddable":true,"href":"https:\/\/www.ernstbrunn-apotheke.at\/katalog\/wp-json\/wp\/v2\/product_cat?post=23249"},{"taxonomy":"product_tag","embeddable":true,"href":"https:\/\/www.ernstbrunn-apotheke.at\/katalog\/wp-json\/wp\/v2\/product_tag?post=23249"}],"curies":[{"name":"wp","href":"https:\/\/api.w.org\/{rel}","templated":true}]}}