{"id":23194,"date":"2025-11-07T22:33:14","date_gmt":"2025-11-07T21:33:14","guid":{"rendered":"https:\/\/www.ernstbrunn-apotheke.at\/katalog\/produkt\/cellstar-intense-lifting-eye-cream-15-ml\/"},"modified":"2025-12-08T14:32:55","modified_gmt":"2025-12-08T13:32:55","slug":"cellstar-intense-lifting-eye-cream-15-ml","status":"publish","type":"product","link":"https:\/\/www.ernstbrunn-apotheke.at\/katalog\/produkt\/cellstar-intense-lifting-eye-cream-15-ml\/","title":{"rendered":"Cellstar Intense Lifting Eye Cream 15 ml"},"content":{"rendered":"<p>CELLSTAR Intense Lifting Eye Cream ist eine extrem reichhaltige, luxuri\u00f6se Augenpflege mit einer einzigartigen Wirkstoffkombination, die die empfindliche Augenpartie intensiv pflegt, mit viel Feuchtigkeit versorgt und wirksam und langanhaltend Augenf\u00e4ltchen reduziert. Zus\u00e4tzlich steigert sie die Vitalit\u00e4t und Leuchtkraft der Haut und wirkt Augenschatten und Schwellungen entgegen<\/p>\n","protected":false},"excerpt":{"rendered":"<p>CELLSTAR Intense Lifting Eye Cream ist eine extrem reichhaltige, luxuri\u00f6se Augenpflege mit einer einzigartigen Wirkstoffkombination, die die empfindliche Augenpartie intensiv pflegt, mit viel Feuchtigkeit versorgt und wirksam und langanhaltend Augenf\u00e4ltchen reduziert. Zus\u00e4tzlich steigert sie die Vitalit\u00e4t und Leuchtkraft der Haut und wirkt Augenschatten und Schwellungen entgegen<\/p>\n","protected":false},"featured_media":23196,"template":"","meta":{"_acf_changed":false},"product_brand":[],"product_cat":[812],"product_tag":[],"class_list":{"0":"post-23194","1":"product","2":"type-product","3":"status-publish","4":"has-post-thumbnail","6":"product_cat-c","7":"pa_packungsgroesse-15ml","9":"first","10":"instock","11":"shipping-taxable","12":"purchasable","13":"product-type-simple"},"acf":[],"_links":{"self":[{"href":"https:\/\/www.ernstbrunn-apotheke.at\/katalog\/wp-json\/wp\/v2\/product\/23194","targetHints":{"allow":["GET"]}}],"collection":[{"href":"https:\/\/www.ernstbrunn-apotheke.at\/katalog\/wp-json\/wp\/v2\/product"}],"about":[{"href":"https:\/\/www.ernstbrunn-apotheke.at\/katalog\/wp-json\/wp\/v2\/types\/product"}],"wp:featuredmedia":[{"embeddable":true,"href":"https:\/\/www.ernstbrunn-apotheke.at\/katalog\/wp-json\/wp\/v2\/media\/23196"}],"wp:attachment":[{"href":"https:\/\/www.ernstbrunn-apotheke.at\/katalog\/wp-json\/wp\/v2\/media?parent=23194"}],"wp:term":[{"taxonomy":"product_brand","embeddable":true,"href":"https:\/\/www.ernstbrunn-apotheke.at\/katalog\/wp-json\/wp\/v2\/product_brand?post=23194"},{"taxonomy":"product_cat","embeddable":true,"href":"https:\/\/www.ernstbrunn-apotheke.at\/katalog\/wp-json\/wp\/v2\/product_cat?post=23194"},{"taxonomy":"product_tag","embeddable":true,"href":"https:\/\/www.ernstbrunn-apotheke.at\/katalog\/wp-json\/wp\/v2\/product_tag?post=23194"}],"curies":[{"name":"wp","href":"https:\/\/api.w.org\/{rel}","templated":true}]}}