{"id":23107,"date":"2025-11-07T22:31:43","date_gmt":"2025-11-07T21:31:43","guid":{"rendered":"https:\/\/www.ernstbrunn-apotheke.at\/katalog\/produkt\/medipharma-cosmetics-olivenoel-reinigungsmilch-200-ml\/"},"modified":"2025-12-08T14:32:23","modified_gmt":"2025-12-08T13:32:23","slug":"medipharma-cosmetics-olivenoel-reinigungsmilch-200-ml","status":"publish","type":"product","link":"https:\/\/www.ernstbrunn-apotheke.at\/katalog\/produkt\/medipharma-cosmetics-olivenoel-reinigungsmilch-200-ml\/","title":{"rendered":"Medipharma Cosmetics Oliven\u00f6l Reinigungsmilch 200 ml"},"content":{"rendered":"<p>Medipharma Cosmetics Oliven\u00f6l Reinigungsmilch mit kaltgepresstem Oliven\u00f6l, Panthenol und einem feuchtigkeitsspendenden Pflegekomplex reinigt die Gesichtshaut sanft und bewahrt das Hydro-Lipid-Gleichgewicht.<\/p>\n","protected":false},"excerpt":{"rendered":"<p>Medipharma Cosmetics Oliven\u00f6l Reinigungsmilch mit kaltgepresstem Oliven\u00f6l, Panthenol und einem feuchtigkeitsspendenden Pflegekomplex reinigt die Gesichtshaut sanft und bewahrt das Hydro-Lipid-Gleichgewicht.<\/p>\n","protected":false},"featured_media":23109,"template":"","meta":{"_acf_changed":false},"product_brand":[685],"product_cat":[800],"product_tag":[],"class_list":{"0":"post-23107","1":"product","2":"type-product","3":"status-publish","4":"has-post-thumbnail","6":"product_brand-olivenoel-theiss","7":"product_cat-m","8":"pa_packungsgroesse-200ml","10":"first","11":"instock","12":"shipping-taxable","13":"purchasable","14":"product-type-simple"},"acf":[],"_links":{"self":[{"href":"https:\/\/www.ernstbrunn-apotheke.at\/katalog\/wp-json\/wp\/v2\/product\/23107","targetHints":{"allow":["GET"]}}],"collection":[{"href":"https:\/\/www.ernstbrunn-apotheke.at\/katalog\/wp-json\/wp\/v2\/product"}],"about":[{"href":"https:\/\/www.ernstbrunn-apotheke.at\/katalog\/wp-json\/wp\/v2\/types\/product"}],"wp:featuredmedia":[{"embeddable":true,"href":"https:\/\/www.ernstbrunn-apotheke.at\/katalog\/wp-json\/wp\/v2\/media\/23109"}],"wp:attachment":[{"href":"https:\/\/www.ernstbrunn-apotheke.at\/katalog\/wp-json\/wp\/v2\/media?parent=23107"}],"wp:term":[{"taxonomy":"product_brand","embeddable":true,"href":"https:\/\/www.ernstbrunn-apotheke.at\/katalog\/wp-json\/wp\/v2\/product_brand?post=23107"},{"taxonomy":"product_cat","embeddable":true,"href":"https:\/\/www.ernstbrunn-apotheke.at\/katalog\/wp-json\/wp\/v2\/product_cat?post=23107"},{"taxonomy":"product_tag","embeddable":true,"href":"https:\/\/www.ernstbrunn-apotheke.at\/katalog\/wp-json\/wp\/v2\/product_tag?post=23107"}],"curies":[{"name":"wp","href":"https:\/\/api.w.org\/{rel}","templated":true}]}}