{"id":23070,"date":"2025-11-07T22:30:55","date_gmt":"2025-11-07T21:30:55","guid":{"rendered":"https:\/\/www.ernstbrunn-apotheke.at\/katalog\/produkt\/weleda-pflegesalbe-sk-tube-70-g\/"},"modified":"2025-12-08T14:32:05","modified_gmt":"2025-12-08T13:32:05","slug":"weleda-pflegesalbe-sk-tube-70-g","status":"publish","type":"product","link":"https:\/\/www.ernstbrunn-apotheke.at\/katalog\/produkt\/weleda-pflegesalbe-sk-tube-70-g\/","title":{"rendered":"Weleda Pflegesalbe SK Tube 70 g"},"content":{"rendered":"<p>Weleda Pflegesalbe ist eine stark fettende Salbe, die aber im Gegensatz zu herk\u00f6mmlichen Fettsalben zus\u00e4tzlich stark n\u00e4hrende Eigenschaften aufweist. Daf\u00fcr verantwortlich ist das Sanddorn-Kern\u00f6l. Es ist reich an unges\u00e4ttigten Fetts\u00e4uren (alpha-Linolens\u00e4ure) und Vitamin E und ist besonders bei trockener und zu Juckreiz neigender Haut geeignet. Die Salbengrundlage ist ausschlie\u00dflich nat\u00fcrlichen Urspurngs und enth\u00e4lt Mandel\u00f6l, Wollwachs (Lanolin) und Bienenwachs..<\/p>\n","protected":false},"excerpt":{"rendered":"<p>Weleda Pflegesalbe ist eine stark fettende Salbe, die aber im Gegensatz zu herk\u00f6mmlichen Fettsalben zus\u00e4tzlich stark n\u00e4hrende Eigenschaften aufweist. Daf\u00fcr verantwortlich ist das Sanddorn-Kern\u00f6l. Es ist reich an unges\u00e4ttigten Fetts\u00e4uren (alpha-Linolens\u00e4ure) und Vitamin E und ist besonders bei trockener und zu Juckreiz neigender Haut geeignet. Die Salbengrundlage ist ausschlie\u00dflich nat\u00fcrlichen Urspurngs und enth\u00e4lt Mandel\u00f6l, Wollwachs [&hellip;]<\/p>\n","protected":false},"featured_media":23072,"template":"","meta":{"_acf_changed":false},"product_brand":[567],"product_cat":[796],"product_tag":[],"class_list":{"0":"post-23070","1":"product","2":"type-product","3":"status-publish","4":"has-post-thumbnail","6":"product_brand-weleda","7":"product_cat-w","8":"pa_packungsgroesse-70g","10":"first","11":"instock","12":"shipping-taxable","13":"purchasable","14":"product-type-simple"},"acf":[],"_links":{"self":[{"href":"https:\/\/www.ernstbrunn-apotheke.at\/katalog\/wp-json\/wp\/v2\/product\/23070","targetHints":{"allow":["GET"]}}],"collection":[{"href":"https:\/\/www.ernstbrunn-apotheke.at\/katalog\/wp-json\/wp\/v2\/product"}],"about":[{"href":"https:\/\/www.ernstbrunn-apotheke.at\/katalog\/wp-json\/wp\/v2\/types\/product"}],"wp:featuredmedia":[{"embeddable":true,"href":"https:\/\/www.ernstbrunn-apotheke.at\/katalog\/wp-json\/wp\/v2\/media\/23072"}],"wp:attachment":[{"href":"https:\/\/www.ernstbrunn-apotheke.at\/katalog\/wp-json\/wp\/v2\/media?parent=23070"}],"wp:term":[{"taxonomy":"product_brand","embeddable":true,"href":"https:\/\/www.ernstbrunn-apotheke.at\/katalog\/wp-json\/wp\/v2\/product_brand?post=23070"},{"taxonomy":"product_cat","embeddable":true,"href":"https:\/\/www.ernstbrunn-apotheke.at\/katalog\/wp-json\/wp\/v2\/product_cat?post=23070"},{"taxonomy":"product_tag","embeddable":true,"href":"https:\/\/www.ernstbrunn-apotheke.at\/katalog\/wp-json\/wp\/v2\/product_tag?post=23070"}],"curies":[{"name":"wp","href":"https:\/\/api.w.org\/{rel}","templated":true}]}}