{"id":23024,"date":"2025-11-07T22:30:17","date_gmt":"2025-11-07T21:30:17","guid":{"rendered":"https:\/\/www.ernstbrunn-apotheke.at\/katalog\/produkt\/dr-hauschka-aufbaumaske-30-ml\/"},"modified":"2025-12-08T14:31:37","modified_gmt":"2025-12-08T13:31:37","slug":"dr-hauschka-aufbaumaske-30-ml","status":"publish","type":"product","link":"https:\/\/www.ernstbrunn-apotheke.at\/katalog\/produkt\/dr-hauschka-aufbaumaske-30-ml\/","title":{"rendered":"Dr. Hauschka Aufbaumaske 30 ml"},"content":{"rendered":"<p>Dr. Hauschka Aufbaumaske f\u00fcr reife, trockener werdende Haut, die in ihrer Regenerationsf\u00e4higkeit, Spannkraft und Formkraft nachgelassen hat. Sie erleben ein gest\u00e4rktes und gegl\u00e4ttetes Hautgef\u00fchl.<\/p>\n","protected":false},"excerpt":{"rendered":"<p>Dr. Hauschka Aufbaumaske f\u00fcr reife, trockener werdende Haut, die in ihrer Regenerationsf\u00e4higkeit, Spannkraft und Formkraft nachgelassen hat. Sie erleben ein gest\u00e4rktes und gegl\u00e4ttetes Hautgef\u00fchl.<\/p>\n","protected":false},"featured_media":23026,"template":"","meta":{"_acf_changed":false},"product_brand":[679],"product_cat":[792],"product_tag":[],"class_list":{"0":"post-23024","1":"product","2":"type-product","3":"status-publish","4":"has-post-thumbnail","6":"product_brand-dr-hauschka","7":"product_cat-d","8":"pa_packungsgroesse-30ml","10":"first","11":"instock","12":"shipping-taxable","13":"purchasable","14":"product-type-simple"},"acf":[],"_links":{"self":[{"href":"https:\/\/www.ernstbrunn-apotheke.at\/katalog\/wp-json\/wp\/v2\/product\/23024","targetHints":{"allow":["GET"]}}],"collection":[{"href":"https:\/\/www.ernstbrunn-apotheke.at\/katalog\/wp-json\/wp\/v2\/product"}],"about":[{"href":"https:\/\/www.ernstbrunn-apotheke.at\/katalog\/wp-json\/wp\/v2\/types\/product"}],"wp:featuredmedia":[{"embeddable":true,"href":"https:\/\/www.ernstbrunn-apotheke.at\/katalog\/wp-json\/wp\/v2\/media\/23026"}],"wp:attachment":[{"href":"https:\/\/www.ernstbrunn-apotheke.at\/katalog\/wp-json\/wp\/v2\/media?parent=23024"}],"wp:term":[{"taxonomy":"product_brand","embeddable":true,"href":"https:\/\/www.ernstbrunn-apotheke.at\/katalog\/wp-json\/wp\/v2\/product_brand?post=23024"},{"taxonomy":"product_cat","embeddable":true,"href":"https:\/\/www.ernstbrunn-apotheke.at\/katalog\/wp-json\/wp\/v2\/product_cat?post=23024"},{"taxonomy":"product_tag","embeddable":true,"href":"https:\/\/www.ernstbrunn-apotheke.at\/katalog\/wp-json\/wp\/v2\/product_tag?post=23024"}],"curies":[{"name":"wp","href":"https:\/\/api.w.org\/{rel}","templated":true}]}}