{"id":22942,"date":"2025-11-07T22:28:46","date_gmt":"2025-11-07T21:28:46","guid":{"rendered":"https:\/\/www.ernstbrunn-apotheke.at\/katalog\/produkt\/viva-skin-gesichtstonikum-alkoholfrei-200-ml\/"},"modified":"2025-12-08T14:31:13","modified_gmt":"2025-12-08T13:31:13","slug":"viva-skin-gesichtstonikum-alkoholfrei-200-ml","status":"publish","type":"product","link":"https:\/\/www.ernstbrunn-apotheke.at\/katalog\/produkt\/viva-skin-gesichtstonikum-alkoholfrei-200-ml\/","title":{"rendered":"Viva Skin Gesichtstonikum Alkoholfrei 200 ml"},"content":{"rendered":"<p>Viva Skin Gesichtstonikum ohne Alkohol kl\u00e4rt, reinigt, st\u00e4rkt und belebt die Haut. Die sanfte Pflege durch Aloe Vera erm\u00f6glicht eine besonders schonende Tonisierung \u2013 jetzt Geld sparen und versandkostenfreie* Lieferung nutzen!<\/p>\n","protected":false},"excerpt":{"rendered":"<p>Viva Skin Gesichtstonikum ohne Alkohol kl\u00e4rt, reinigt, st\u00e4rkt und belebt die Haut. Die sanfte Pflege durch Aloe Vera erm\u00f6glicht eine besonders schonende Tonisierung \u2013 jetzt Geld sparen und versandkostenfreie* Lieferung nutzen!<\/p>\n","protected":false},"featured_media":22944,"template":"","meta":{"_acf_changed":false},"product_brand":[],"product_cat":[799],"product_tag":[],"class_list":{"0":"post-22942","1":"product","2":"type-product","3":"status-publish","4":"has-post-thumbnail","6":"product_cat-v","7":"pa_packungsgroesse-200ml","9":"first","10":"instock","11":"shipping-taxable","12":"purchasable","13":"product-type-simple"},"acf":[],"_links":{"self":[{"href":"https:\/\/www.ernstbrunn-apotheke.at\/katalog\/wp-json\/wp\/v2\/product\/22942","targetHints":{"allow":["GET"]}}],"collection":[{"href":"https:\/\/www.ernstbrunn-apotheke.at\/katalog\/wp-json\/wp\/v2\/product"}],"about":[{"href":"https:\/\/www.ernstbrunn-apotheke.at\/katalog\/wp-json\/wp\/v2\/types\/product"}],"wp:featuredmedia":[{"embeddable":true,"href":"https:\/\/www.ernstbrunn-apotheke.at\/katalog\/wp-json\/wp\/v2\/media\/22944"}],"wp:attachment":[{"href":"https:\/\/www.ernstbrunn-apotheke.at\/katalog\/wp-json\/wp\/v2\/media?parent=22942"}],"wp:term":[{"taxonomy":"product_brand","embeddable":true,"href":"https:\/\/www.ernstbrunn-apotheke.at\/katalog\/wp-json\/wp\/v2\/product_brand?post=22942"},{"taxonomy":"product_cat","embeddable":true,"href":"https:\/\/www.ernstbrunn-apotheke.at\/katalog\/wp-json\/wp\/v2\/product_cat?post=22942"},{"taxonomy":"product_tag","embeddable":true,"href":"https:\/\/www.ernstbrunn-apotheke.at\/katalog\/wp-json\/wp\/v2\/product_tag?post=22942"}],"curies":[{"name":"wp","href":"https:\/\/api.w.org\/{rel}","templated":true}]}}