{"id":22896,"date":"2025-11-07T22:28:04","date_gmt":"2025-11-07T21:28:04","guid":{"rendered":"https:\/\/www.ernstbrunn-apotheke.at\/katalog\/produkt\/olivenoel-augenpflege-balsam-15-ml\/"},"modified":"2025-12-08T14:31:01","modified_gmt":"2025-12-08T13:31:01","slug":"olivenoel-augenpflege-balsam-15-ml","status":"publish","type":"product","link":"https:\/\/www.ernstbrunn-apotheke.at\/katalog\/produkt\/olivenoel-augenpflege-balsam-15-ml\/","title":{"rendered":"Oliven\u00f6l Augenpflege Balsam 15 ML"},"content":{"rendered":"<p>Oliven\u00f6l Augenpflegebalsam ist eine Spezialpflege bei F\u00e4ltchen, Augenringen und Schwellungen. Der Balsam eine Kombination aus kaltgepresstem Oliven\u00f6l, hautstraffendem Rosenwurz und Coffein.<\/p>\n","protected":false},"excerpt":{"rendered":"<p>Oliven\u00f6l Augenpflegebalsam ist eine Spezialpflege bei F\u00e4ltchen, Augenringen und Schwellungen. Der Balsam eine Kombination aus kaltgepresstem Oliven\u00f6l, hautstraffendem Rosenwurz und Coffein.<\/p>\n","protected":false},"featured_media":22898,"template":"","meta":{"_acf_changed":false},"product_brand":[685],"product_cat":[819],"product_tag":[],"class_list":{"0":"post-22896","1":"product","2":"type-product","3":"status-publish","4":"has-post-thumbnail","6":"product_brand-olivenoel-theiss","7":"product_cat-o","8":"pa_packungsgroesse-15ml","10":"first","11":"instock","12":"shipping-taxable","13":"purchasable","14":"product-type-simple"},"acf":[],"_links":{"self":[{"href":"https:\/\/www.ernstbrunn-apotheke.at\/katalog\/wp-json\/wp\/v2\/product\/22896","targetHints":{"allow":["GET"]}}],"collection":[{"href":"https:\/\/www.ernstbrunn-apotheke.at\/katalog\/wp-json\/wp\/v2\/product"}],"about":[{"href":"https:\/\/www.ernstbrunn-apotheke.at\/katalog\/wp-json\/wp\/v2\/types\/product"}],"wp:featuredmedia":[{"embeddable":true,"href":"https:\/\/www.ernstbrunn-apotheke.at\/katalog\/wp-json\/wp\/v2\/media\/22898"}],"wp:attachment":[{"href":"https:\/\/www.ernstbrunn-apotheke.at\/katalog\/wp-json\/wp\/v2\/media?parent=22896"}],"wp:term":[{"taxonomy":"product_brand","embeddable":true,"href":"https:\/\/www.ernstbrunn-apotheke.at\/katalog\/wp-json\/wp\/v2\/product_brand?post=22896"},{"taxonomy":"product_cat","embeddable":true,"href":"https:\/\/www.ernstbrunn-apotheke.at\/katalog\/wp-json\/wp\/v2\/product_cat?post=22896"},{"taxonomy":"product_tag","embeddable":true,"href":"https:\/\/www.ernstbrunn-apotheke.at\/katalog\/wp-json\/wp\/v2\/product_tag?post=22896"}],"curies":[{"name":"wp","href":"https:\/\/api.w.org\/{rel}","templated":true}]}}