{"id":22866,"date":"2025-11-07T22:27:28","date_gmt":"2025-11-07T21:27:28","guid":{"rendered":"https:\/\/www.ernstbrunn-apotheke.at\/katalog\/produkt\/dr-hauschka-reinigungsmaske-90g\/"},"modified":"2025-12-08T14:30:56","modified_gmt":"2025-12-08T13:30:56","slug":"dr-hauschka-reinigungsmaske-90g","status":"publish","type":"product","link":"https:\/\/www.ernstbrunn-apotheke.at\/katalog\/produkt\/dr-hauschka-reinigungsmaske-90g\/","title":{"rendered":"Dr. Hauschka Reinigungsmaske 90g"},"content":{"rendered":"<p>Die Dr. Hauschka Reinigungsmaske ist die einzige Gesichtsmaske von Dr. Hauschka, die Sie unmittelbar vor dem Auftrag selbst anr\u00fchren. So kann die Reinigungsmaske ihre Wirkung optimal entfalten: Sie kl\u00e4rt porentief, l\u00f6st und bindet Hautausscheidungen. Die Reinigungsmaske eignet sich f\u00fcr jede Haut und ist eine Gesichtsmaske, die auch M\u00e4nner gerne verwenden.Wenn Sie die Dr. Hauschka Reinigungsmaske nicht nur mit Wasser, sondern auch mit etwas Gesichtstonikum mischen, verst\u00e4rken Sie ihre Wirkung.<\/p>\n","protected":false},"excerpt":{"rendered":"<p>Die Dr. Hauschka Reinigungsmaske ist die einzige Gesichtsmaske von Dr. Hauschka, die Sie unmittelbar vor dem Auftrag selbst anr\u00fchren. So kann die Reinigungsmaske ihre Wirkung optimal entfalten: Sie kl\u00e4rt porentief, l\u00f6st und bindet Hautausscheidungen. Die Reinigungsmaske eignet sich f\u00fcr jede Haut und ist eine Gesichtsmaske, die auch M\u00e4nner gerne verwenden.Wenn Sie die Dr. Hauschka Reinigungsmaske [&hellip;]<\/p>\n","protected":false},"featured_media":22868,"template":"","meta":{"_acf_changed":false},"product_brand":[679],"product_cat":[792],"product_tag":[],"class_list":{"0":"post-22866","1":"product","2":"type-product","3":"status-publish","4":"has-post-thumbnail","6":"product_brand-dr-hauschka","7":"product_cat-d","8":"pa_packungsgroesse-90g","10":"first","11":"instock","12":"shipping-taxable","13":"purchasable","14":"product-type-simple"},"acf":[],"_links":{"self":[{"href":"https:\/\/www.ernstbrunn-apotheke.at\/katalog\/wp-json\/wp\/v2\/product\/22866","targetHints":{"allow":["GET"]}}],"collection":[{"href":"https:\/\/www.ernstbrunn-apotheke.at\/katalog\/wp-json\/wp\/v2\/product"}],"about":[{"href":"https:\/\/www.ernstbrunn-apotheke.at\/katalog\/wp-json\/wp\/v2\/types\/product"}],"wp:featuredmedia":[{"embeddable":true,"href":"https:\/\/www.ernstbrunn-apotheke.at\/katalog\/wp-json\/wp\/v2\/media\/22868"}],"wp:attachment":[{"href":"https:\/\/www.ernstbrunn-apotheke.at\/katalog\/wp-json\/wp\/v2\/media?parent=22866"}],"wp:term":[{"taxonomy":"product_brand","embeddable":true,"href":"https:\/\/www.ernstbrunn-apotheke.at\/katalog\/wp-json\/wp\/v2\/product_brand?post=22866"},{"taxonomy":"product_cat","embeddable":true,"href":"https:\/\/www.ernstbrunn-apotheke.at\/katalog\/wp-json\/wp\/v2\/product_cat?post=22866"},{"taxonomy":"product_tag","embeddable":true,"href":"https:\/\/www.ernstbrunn-apotheke.at\/katalog\/wp-json\/wp\/v2\/product_tag?post=22866"}],"curies":[{"name":"wp","href":"https:\/\/api.w.org\/{rel}","templated":true}]}}