{"id":22834,"date":"2025-11-07T22:26:54","date_gmt":"2025-11-07T21:26:54","guid":{"rendered":"https:\/\/www.ernstbrunn-apotheke.at\/katalog\/produkt\/claudalie-vinosource-nachtoel\/"},"modified":"2025-12-08T14:30:42","modified_gmt":"2025-12-08T13:30:42","slug":"claudalie-vinosource-nachtoel","status":"publish","type":"product","link":"https:\/\/www.ernstbrunn-apotheke.at\/katalog\/produkt\/claudalie-vinosource-nachtoel\/","title":{"rendered":"Claudalie Vinosource Nacht\u00f6l"},"content":{"rendered":"<p>Caudalie Vinosource N\u00e4hrendes Nacht\u00f6l aus 6 aktiven und 100% nat\u00fcrlichen \u00d6len verschmilzt mit der Haut, um die tiefen Hautschichten zu n\u00e4hren, die Schutzbarriere zu reparieren und die empfindliche Haut zu beruhigen. Beim Aufwachen f\u00fchlt sich die Haut sanft, rundum wohl und weniger empfindlich an.<\/p>\n","protected":false},"excerpt":{"rendered":"<p>Caudalie Vinosource N\u00e4hrendes Nacht\u00f6l aus 6 aktiven und 100% nat\u00fcrlichen \u00d6len verschmilzt mit der Haut, um die tiefen Hautschichten zu n\u00e4hren, die Schutzbarriere zu reparieren und die empfindliche Haut zu beruhigen. Beim Aufwachen f\u00fchlt sich die Haut sanft, rundum wohl und weniger empfindlich an.<\/p>\n","protected":false},"featured_media":22836,"template":"","meta":{"_acf_changed":false},"product_brand":[687],"product_cat":[812],"product_tag":[],"class_list":{"0":"post-22834","1":"product","2":"type-product","3":"status-publish","4":"has-post-thumbnail","6":"product_brand-caudalie","7":"product_cat-c","8":"pa_packungsgroesse-30ml","10":"first","11":"instock","12":"shipping-taxable","13":"purchasable","14":"product-type-simple"},"acf":[],"_links":{"self":[{"href":"https:\/\/www.ernstbrunn-apotheke.at\/katalog\/wp-json\/wp\/v2\/product\/22834","targetHints":{"allow":["GET"]}}],"collection":[{"href":"https:\/\/www.ernstbrunn-apotheke.at\/katalog\/wp-json\/wp\/v2\/product"}],"about":[{"href":"https:\/\/www.ernstbrunn-apotheke.at\/katalog\/wp-json\/wp\/v2\/types\/product"}],"wp:featuredmedia":[{"embeddable":true,"href":"https:\/\/www.ernstbrunn-apotheke.at\/katalog\/wp-json\/wp\/v2\/media\/22836"}],"wp:attachment":[{"href":"https:\/\/www.ernstbrunn-apotheke.at\/katalog\/wp-json\/wp\/v2\/media?parent=22834"}],"wp:term":[{"taxonomy":"product_brand","embeddable":true,"href":"https:\/\/www.ernstbrunn-apotheke.at\/katalog\/wp-json\/wp\/v2\/product_brand?post=22834"},{"taxonomy":"product_cat","embeddable":true,"href":"https:\/\/www.ernstbrunn-apotheke.at\/katalog\/wp-json\/wp\/v2\/product_cat?post=22834"},{"taxonomy":"product_tag","embeddable":true,"href":"https:\/\/www.ernstbrunn-apotheke.at\/katalog\/wp-json\/wp\/v2\/product_tag?post=22834"}],"curies":[{"name":"wp","href":"https:\/\/api.w.org\/{rel}","templated":true}]}}