{"id":22778,"date":"2025-11-07T22:26:03","date_gmt":"2025-11-07T21:26:03","guid":{"rendered":"https:\/\/www.ernstbrunn-apotheke.at\/katalog\/produkt\/cellstar-intense-lifting-serum-30-ml\/"},"modified":"2025-12-08T14:30:24","modified_gmt":"2025-12-08T13:30:24","slug":"cellstar-intense-lifting-serum-30-ml","status":"publish","type":"product","link":"https:\/\/www.ernstbrunn-apotheke.at\/katalog\/produkt\/cellstar-intense-lifting-serum-30-ml\/","title":{"rendered":"Cellstar Intense Lifting Serum 30 ml"},"content":{"rendered":"<p>CELLSTAR Intense Lifting Serum ist eine extrem reichhaltige, luxuri\u00f6se Hautpflege zusammengesetzt aus einer einzigartigen Wirkstoffkombination. Die Haut erh\u00e4lt ihr jugendliches Aussehen zur\u00fcck und Falten werden wirksam und langanhaltend reduziert. Zus\u00e4tzlich steigert das Serum die Vitalit\u00e4t und Leuchtkraft der Haut, strafft die Gesichtskontur und versorgt die Haut intensiv mit Feuchtigkeit, wodurch die Hautstruktur verfeinert wird<\/p>\n","protected":false},"excerpt":{"rendered":"<p>CELLSTAR Intense Lifting Serum ist eine extrem reichhaltige, luxuri\u00f6se Hautpflege zusammengesetzt aus einer einzigartigen Wirkstoffkombination. Die Haut erh\u00e4lt ihr jugendliches Aussehen zur\u00fcck und Falten werden wirksam und langanhaltend reduziert. Zus\u00e4tzlich steigert das Serum die Vitalit\u00e4t und Leuchtkraft der Haut, strafft die Gesichtskontur und versorgt die Haut intensiv mit Feuchtigkeit, wodurch die Hautstruktur verfeinert wird<\/p>\n","protected":false},"featured_media":22780,"template":"","meta":{"_acf_changed":false},"product_brand":[],"product_cat":[812],"product_tag":[],"class_list":{"0":"post-22778","1":"product","2":"type-product","3":"status-publish","4":"has-post-thumbnail","6":"product_cat-c","7":"pa_packungsgroesse-30ml","9":"first","10":"instock","11":"shipping-taxable","12":"purchasable","13":"product-type-simple"},"acf":[],"_links":{"self":[{"href":"https:\/\/www.ernstbrunn-apotheke.at\/katalog\/wp-json\/wp\/v2\/product\/22778","targetHints":{"allow":["GET"]}}],"collection":[{"href":"https:\/\/www.ernstbrunn-apotheke.at\/katalog\/wp-json\/wp\/v2\/product"}],"about":[{"href":"https:\/\/www.ernstbrunn-apotheke.at\/katalog\/wp-json\/wp\/v2\/types\/product"}],"wp:featuredmedia":[{"embeddable":true,"href":"https:\/\/www.ernstbrunn-apotheke.at\/katalog\/wp-json\/wp\/v2\/media\/22780"}],"wp:attachment":[{"href":"https:\/\/www.ernstbrunn-apotheke.at\/katalog\/wp-json\/wp\/v2\/media?parent=22778"}],"wp:term":[{"taxonomy":"product_brand","embeddable":true,"href":"https:\/\/www.ernstbrunn-apotheke.at\/katalog\/wp-json\/wp\/v2\/product_brand?post=22778"},{"taxonomy":"product_cat","embeddable":true,"href":"https:\/\/www.ernstbrunn-apotheke.at\/katalog\/wp-json\/wp\/v2\/product_cat?post=22778"},{"taxonomy":"product_tag","embeddable":true,"href":"https:\/\/www.ernstbrunn-apotheke.at\/katalog\/wp-json\/wp\/v2\/product_tag?post=22778"}],"curies":[{"name":"wp","href":"https:\/\/api.w.org\/{rel}","templated":true}]}}