{"id":22763,"date":"2025-11-07T22:25:46","date_gmt":"2025-11-07T21:25:46","guid":{"rendered":"https:\/\/www.ernstbrunn-apotheke.at\/katalog\/produkt\/apothekers-lippenbalsam-tiegel-46-g\/"},"modified":"2025-12-08T14:30:14","modified_gmt":"2025-12-08T13:30:14","slug":"apothekers-lippenbalsam-tiegel-46-g","status":"publish","type":"product","link":"https:\/\/www.ernstbrunn-apotheke.at\/katalog\/produkt\/apothekers-lippenbalsam-tiegel-46-g\/","title":{"rendered":"Apothekers Lippenbalsam Tiegel 4,6 g"},"content":{"rendered":"<p>Apothekers Lippenbalsam Tiegel ist eine Komposition mit Echinacea, Hamamelis, Kamille und Arnika und pflegt trockene und rissige Lippen und h\u00e4lt diese weich und geschmeidig. Dezenter Zitronen-Duft verw\u00f6hnt die Nase und nat\u00fcrliche Wachse erzeugen ein angenehm sanftes Gef\u00fchl auf den Lippen.<\/p>\n","protected":false},"excerpt":{"rendered":"<p>Apothekers Lippenbalsam Tiegel ist eine Komposition mit Echinacea, Hamamelis, Kamille und Arnika und pflegt trockene und rissige Lippen und h\u00e4lt diese weich und geschmeidig. Dezenter Zitronen-Duft verw\u00f6hnt die Nase und nat\u00fcrliche Wachse erzeugen ein angenehm sanftes Gef\u00fchl auf den Lippen.<\/p>\n","protected":false},"featured_media":0,"template":"","meta":{"_acf_changed":false},"product_brand":[],"product_cat":[801],"product_tag":[],"class_list":{"0":"post-22763","1":"product","2":"type-product","3":"status-publish","5":"product_cat-a","6":"pa_packungsgroesse-4g","8":"first","9":"instock","10":"shipping-taxable","11":"purchasable","12":"product-type-simple"},"acf":[],"_links":{"self":[{"href":"https:\/\/www.ernstbrunn-apotheke.at\/katalog\/wp-json\/wp\/v2\/product\/22763","targetHints":{"allow":["GET"]}}],"collection":[{"href":"https:\/\/www.ernstbrunn-apotheke.at\/katalog\/wp-json\/wp\/v2\/product"}],"about":[{"href":"https:\/\/www.ernstbrunn-apotheke.at\/katalog\/wp-json\/wp\/v2\/types\/product"}],"wp:attachment":[{"href":"https:\/\/www.ernstbrunn-apotheke.at\/katalog\/wp-json\/wp\/v2\/media?parent=22763"}],"wp:term":[{"taxonomy":"product_brand","embeddable":true,"href":"https:\/\/www.ernstbrunn-apotheke.at\/katalog\/wp-json\/wp\/v2\/product_brand?post=22763"},{"taxonomy":"product_cat","embeddable":true,"href":"https:\/\/www.ernstbrunn-apotheke.at\/katalog\/wp-json\/wp\/v2\/product_cat?post=22763"},{"taxonomy":"product_tag","embeddable":true,"href":"https:\/\/www.ernstbrunn-apotheke.at\/katalog\/wp-json\/wp\/v2\/product_tag?post=22763"}],"curies":[{"name":"wp","href":"https:\/\/api.w.org\/{rel}","templated":true}]}}