{"id":22725,"date":"2025-11-07T22:24:51","date_gmt":"2025-11-07T21:24:51","guid":{"rendered":"https:\/\/www.ernstbrunn-apotheke.at\/katalog\/produkt\/dr-theiss-oliven-intensivcreme-exklusiv-50-ml\/"},"modified":"2025-12-08T14:29:58","modified_gmt":"2025-12-08T13:29:58","slug":"dr-theiss-oliven-intensivcreme-exklusiv-50-ml","status":"publish","type":"product","link":"https:\/\/www.ernstbrunn-apotheke.at\/katalog\/produkt\/dr-theiss-oliven-intensivcreme-exklusiv-50-ml\/","title":{"rendered":"Dr. Theiss Oliven Intensivcreme exklusiv 50 ml"},"content":{"rendered":"<p>Dr. Theiss Oliven Intensivcreme exklusiv enth\u00e4lt hochwertiges Oliven\u00f6l der Extraklasse, wertvolle Isoflavone, Hyalurons\u00e4ure und wurde mit einem konturst\u00e4rkenden Wirkstoff angereichert. Die Creme verbessert die Hautdichte und Elastizit\u00e4t und festigt die Konturen von Gesicht und Hals. Au\u00dferdem werden Falten gemindert und die Regenerationsf\u00e4higkeit unterst\u00fctzt.<\/p>\n","protected":false},"excerpt":{"rendered":"<p>Dr. Theiss Oliven Intensivcreme exklusiv enth\u00e4lt hochwertiges Oliven\u00f6l der Extraklasse, wertvolle Isoflavone, Hyalurons\u00e4ure und wurde mit einem konturst\u00e4rkenden Wirkstoff angereichert. Die Creme verbessert die Hautdichte und Elastizit\u00e4t und festigt die Konturen von Gesicht und Hals. Au\u00dferdem werden Falten gemindert und die Regenerationsf\u00e4higkeit unterst\u00fctzt.<\/p>\n","protected":false},"featured_media":22727,"template":"","meta":{"_acf_changed":false},"product_brand":[685],"product_cat":[792],"product_tag":[],"class_list":{"0":"post-22725","1":"product","2":"type-product","3":"status-publish","4":"has-post-thumbnail","6":"product_brand-olivenoel-theiss","7":"product_cat-d","8":"pa_packungsgroesse-50ml","10":"first","11":"instock","12":"shipping-taxable","13":"purchasable","14":"product-type-simple"},"acf":[],"_links":{"self":[{"href":"https:\/\/www.ernstbrunn-apotheke.at\/katalog\/wp-json\/wp\/v2\/product\/22725","targetHints":{"allow":["GET"]}}],"collection":[{"href":"https:\/\/www.ernstbrunn-apotheke.at\/katalog\/wp-json\/wp\/v2\/product"}],"about":[{"href":"https:\/\/www.ernstbrunn-apotheke.at\/katalog\/wp-json\/wp\/v2\/types\/product"}],"wp:featuredmedia":[{"embeddable":true,"href":"https:\/\/www.ernstbrunn-apotheke.at\/katalog\/wp-json\/wp\/v2\/media\/22727"}],"wp:attachment":[{"href":"https:\/\/www.ernstbrunn-apotheke.at\/katalog\/wp-json\/wp\/v2\/media?parent=22725"}],"wp:term":[{"taxonomy":"product_brand","embeddable":true,"href":"https:\/\/www.ernstbrunn-apotheke.at\/katalog\/wp-json\/wp\/v2\/product_brand?post=22725"},{"taxonomy":"product_cat","embeddable":true,"href":"https:\/\/www.ernstbrunn-apotheke.at\/katalog\/wp-json\/wp\/v2\/product_cat?post=22725"},{"taxonomy":"product_tag","embeddable":true,"href":"https:\/\/www.ernstbrunn-apotheke.at\/katalog\/wp-json\/wp\/v2\/product_tag?post=22725"}],"curies":[{"name":"wp","href":"https:\/\/api.w.org\/{rel}","templated":true}]}}