{"id":22721,"date":"2025-11-07T22:24:51","date_gmt":"2025-11-07T21:24:51","guid":{"rendered":"https:\/\/www.ernstbrunn-apotheke.at\/katalog\/produkt\/eucerin-dermopure-gesichts-tonic\/"},"modified":"2025-12-08T14:29:56","modified_gmt":"2025-12-08T13:29:56","slug":"eucerin-dermopure-gesichts-tonic","status":"publish","type":"product","link":"https:\/\/www.ernstbrunn-apotheke.at\/katalog\/produkt\/eucerin-dermopure-gesichts-tonic\/","title":{"rendered":"Eucerin DERMOPURE Gesichts-Tonic"},"content":{"rendered":"<p>Das Eucerin Dermatopure Gesichts-Tonic ist zur Reinigung bei fettiger, zu Unreinheiten neigender Haut, von leichter bis mittelschwerer Erwachsenen-Akne bis hin zu anderen Akneformen wie Akne vulgaris geeignet.Es kl\u00e4rt die Haut und bereitet sie auf die anschlie\u00dfende Pflege vor. Seine antibakterielle Formel enth\u00e4lt ein 2 % Milchs\u00e4ure-Wirksystem, das die Poren \u00f6ffnet ohne die Haut auszutrocknen, das Bakterienwachstum hemmt und Unreinheiten vorbeugt. Es pflegt insbesondere die T-Zone und andere Problemstellen.Das Gesichtstonic kann auch w\u00e4hrend einer Schwangerschaft problemlos verwendet werden.<\/p>\n","protected":false},"excerpt":{"rendered":"<p>Das Eucerin Dermatopure Gesichts-Tonic ist zur Reinigung bei fettiger, zu Unreinheiten neigender Haut, von leichter bis mittelschwerer Erwachsenen-Akne bis hin zu anderen Akneformen wie Akne vulgaris geeignet.Es kl\u00e4rt die Haut und bereitet sie auf die anschlie\u00dfende Pflege vor. Seine antibakterielle Formel enth\u00e4lt ein 2 % Milchs\u00e4ure-Wirksystem, das die Poren \u00f6ffnet ohne die Haut auszutrocknen, das [&hellip;]<\/p>\n","protected":false},"featured_media":22723,"template":"","meta":{"_acf_changed":false},"product_brand":[334],"product_cat":[794],"product_tag":[],"class_list":{"0":"post-22721","1":"product","2":"type-product","3":"status-publish","4":"has-post-thumbnail","6":"product_brand-eucerin","7":"product_cat-e","8":"pa_packungsgroesse-200ml","10":"first","11":"instock","12":"shipping-taxable","13":"purchasable","14":"product-type-simple"},"acf":[],"_links":{"self":[{"href":"https:\/\/www.ernstbrunn-apotheke.at\/katalog\/wp-json\/wp\/v2\/product\/22721","targetHints":{"allow":["GET"]}}],"collection":[{"href":"https:\/\/www.ernstbrunn-apotheke.at\/katalog\/wp-json\/wp\/v2\/product"}],"about":[{"href":"https:\/\/www.ernstbrunn-apotheke.at\/katalog\/wp-json\/wp\/v2\/types\/product"}],"wp:featuredmedia":[{"embeddable":true,"href":"https:\/\/www.ernstbrunn-apotheke.at\/katalog\/wp-json\/wp\/v2\/media\/22723"}],"wp:attachment":[{"href":"https:\/\/www.ernstbrunn-apotheke.at\/katalog\/wp-json\/wp\/v2\/media?parent=22721"}],"wp:term":[{"taxonomy":"product_brand","embeddable":true,"href":"https:\/\/www.ernstbrunn-apotheke.at\/katalog\/wp-json\/wp\/v2\/product_brand?post=22721"},{"taxonomy":"product_cat","embeddable":true,"href":"https:\/\/www.ernstbrunn-apotheke.at\/katalog\/wp-json\/wp\/v2\/product_cat?post=22721"},{"taxonomy":"product_tag","embeddable":true,"href":"https:\/\/www.ernstbrunn-apotheke.at\/katalog\/wp-json\/wp\/v2\/product_tag?post=22721"}],"curies":[{"name":"wp","href":"https:\/\/api.w.org\/{rel}","templated":true}]}}