{"id":22700,"date":"2025-11-07T22:24:19","date_gmt":"2025-11-07T21:24:19","guid":{"rendered":"https:\/\/www.ernstbrunn-apotheke.at\/katalog\/produkt\/medipharma-cosmetics-olivenoel-reinigungstuecher-25-stk\/"},"modified":"2025-12-08T14:29:47","modified_gmt":"2025-12-08T13:29:47","slug":"medipharma-cosmetics-olivenoel-reinigungstuecher-25-stk","status":"publish","type":"product","link":"https:\/\/www.ernstbrunn-apotheke.at\/katalog\/produkt\/medipharma-cosmetics-olivenoel-reinigungstuecher-25-stk\/","title":{"rendered":"Medipharma Cosmetics Oliven\u00f6l Reinigungst\u00fccher 25 Stk."},"content":{"rendered":"<p>Medipharma Cosmetics Oliven\u00f6l Feuchtigkeitst\u00fccher mit kaltgepresstem Oliven\u00f6l aus der Toskana, Panthenol und Vitamin E eignen sich f\u00fcr die t\u00e4gliche Pflege von Gesicht, Hals und Dekollet\u00e9.<\/p>\n","protected":false},"excerpt":{"rendered":"<p>Medipharma Cosmetics Oliven\u00f6l Feuchtigkeitst\u00fccher mit kaltgepresstem Oliven\u00f6l aus der Toskana, Panthenol und Vitamin E eignen sich f\u00fcr die t\u00e4gliche Pflege von Gesicht, Hals und Dekollet\u00e9.<\/p>\n","protected":false},"featured_media":22702,"template":"","meta":{"_acf_changed":false},"product_brand":[685],"product_cat":[800],"product_tag":[],"class_list":{"0":"post-22700","1":"product","2":"type-product","3":"status-publish","4":"has-post-thumbnail","6":"product_brand-olivenoel-theiss","7":"product_cat-m","8":"pa_packungsgroesse-25-stueck","10":"first","11":"instock","12":"shipping-taxable","13":"purchasable","14":"product-type-simple"},"acf":[],"_links":{"self":[{"href":"https:\/\/www.ernstbrunn-apotheke.at\/katalog\/wp-json\/wp\/v2\/product\/22700","targetHints":{"allow":["GET"]}}],"collection":[{"href":"https:\/\/www.ernstbrunn-apotheke.at\/katalog\/wp-json\/wp\/v2\/product"}],"about":[{"href":"https:\/\/www.ernstbrunn-apotheke.at\/katalog\/wp-json\/wp\/v2\/types\/product"}],"wp:featuredmedia":[{"embeddable":true,"href":"https:\/\/www.ernstbrunn-apotheke.at\/katalog\/wp-json\/wp\/v2\/media\/22702"}],"wp:attachment":[{"href":"https:\/\/www.ernstbrunn-apotheke.at\/katalog\/wp-json\/wp\/v2\/media?parent=22700"}],"wp:term":[{"taxonomy":"product_brand","embeddable":true,"href":"https:\/\/www.ernstbrunn-apotheke.at\/katalog\/wp-json\/wp\/v2\/product_brand?post=22700"},{"taxonomy":"product_cat","embeddable":true,"href":"https:\/\/www.ernstbrunn-apotheke.at\/katalog\/wp-json\/wp\/v2\/product_cat?post=22700"},{"taxonomy":"product_tag","embeddable":true,"href":"https:\/\/www.ernstbrunn-apotheke.at\/katalog\/wp-json\/wp\/v2\/product_tag?post=22700"}],"curies":[{"name":"wp","href":"https:\/\/api.w.org\/{rel}","templated":true}]}}