{"id":22628,"date":"2025-11-07T22:23:13","date_gmt":"2025-11-07T21:23:13","guid":{"rendered":"https:\/\/www.ernstbrunn-apotheke.at\/katalog\/produkt\/viva-skin-reinigungsmilch-unparfuermiert-200-ml\/"},"modified":"2025-12-08T14:29:07","modified_gmt":"2025-12-08T13:29:07","slug":"viva-skin-reinigungsmilch-unparfuermiert-200-ml","status":"publish","type":"product","link":"https:\/\/www.ernstbrunn-apotheke.at\/katalog\/produkt\/viva-skin-reinigungsmilch-unparfuermiert-200-ml\/","title":{"rendered":"Viva Skin Reinigungsmilch unparf\u00fcrmiert 200 ml"},"content":{"rendered":"<p>Viva Skin Reinigungsmilch unparf\u00fcrmiert 200 ml reinigt die Gesichtshaut und das Dekollet\u00e9 angenehm sanft, entfernt \u00fcbersch\u00fcssiges Hautfett und befreit die Haut gr\u00fcndlich von Makeup R\u00fcckst\u00e4nden. Dabei wirkt der pflanzliche Inhaltsstoff Allantoin hautberuhigend und gleichzeitig bewahrt Panthenol der Haut ihre Feuchtigkeit und f\u00f6rdert ihre nat\u00fcrliche Barrierefunktion.<\/p>\n","protected":false},"excerpt":{"rendered":"<p>Viva Skin Reinigungsmilch unparf\u00fcrmiert 200 ml reinigt die Gesichtshaut und das Dekollet\u00e9 angenehm sanft, entfernt \u00fcbersch\u00fcssiges Hautfett und befreit die Haut gr\u00fcndlich von Makeup R\u00fcckst\u00e4nden. Dabei wirkt der pflanzliche Inhaltsstoff Allantoin hautberuhigend und gleichzeitig bewahrt Panthenol der Haut ihre Feuchtigkeit und f\u00f6rdert ihre nat\u00fcrliche Barrierefunktion.<\/p>\n","protected":false},"featured_media":22630,"template":"","meta":{"_acf_changed":false},"product_brand":[],"product_cat":[799],"product_tag":[],"class_list":{"0":"post-22628","1":"product","2":"type-product","3":"status-publish","4":"has-post-thumbnail","6":"product_cat-v","7":"pa_packungsgroesse-200ml","9":"first","10":"instock","11":"shipping-taxable","12":"purchasable","13":"product-type-simple"},"acf":[],"_links":{"self":[{"href":"https:\/\/www.ernstbrunn-apotheke.at\/katalog\/wp-json\/wp\/v2\/product\/22628","targetHints":{"allow":["GET"]}}],"collection":[{"href":"https:\/\/www.ernstbrunn-apotheke.at\/katalog\/wp-json\/wp\/v2\/product"}],"about":[{"href":"https:\/\/www.ernstbrunn-apotheke.at\/katalog\/wp-json\/wp\/v2\/types\/product"}],"wp:featuredmedia":[{"embeddable":true,"href":"https:\/\/www.ernstbrunn-apotheke.at\/katalog\/wp-json\/wp\/v2\/media\/22630"}],"wp:attachment":[{"href":"https:\/\/www.ernstbrunn-apotheke.at\/katalog\/wp-json\/wp\/v2\/media?parent=22628"}],"wp:term":[{"taxonomy":"product_brand","embeddable":true,"href":"https:\/\/www.ernstbrunn-apotheke.at\/katalog\/wp-json\/wp\/v2\/product_brand?post=22628"},{"taxonomy":"product_cat","embeddable":true,"href":"https:\/\/www.ernstbrunn-apotheke.at\/katalog\/wp-json\/wp\/v2\/product_cat?post=22628"},{"taxonomy":"product_tag","embeddable":true,"href":"https:\/\/www.ernstbrunn-apotheke.at\/katalog\/wp-json\/wp\/v2\/product_tag?post=22628"}],"curies":[{"name":"wp","href":"https:\/\/api.w.org\/{rel}","templated":true}]}}