{"id":22615,"date":"2025-11-07T22:22:52","date_gmt":"2025-11-07T21:22:52","guid":{"rendered":"https:\/\/www.ernstbrunn-apotheke.at\/katalog\/produkt\/hyaluron-wirkkonzentrat-13-ml-anti-falten-beruhigung\/"},"modified":"2025-12-08T14:29:03","modified_gmt":"2025-12-08T13:29:03","slug":"hyaluron-wirkkonzentrat-13-ml-anti-falten-beruhigung","status":"publish","type":"product","link":"https:\/\/www.ernstbrunn-apotheke.at\/katalog\/produkt\/hyaluron-wirkkonzentrat-13-ml-anti-falten-beruhigung\/","title":{"rendered":"Hyaluron Wirkkonzentrat 13 ml Anti-Falten + Beruhigung"},"content":{"rendered":"<p>Hyaluron Wirkkonzentrat wirkt dem Feuchtigkeitsverlust der Haut und der Bildung von Falten entgegen, welche sich mit zunehmendem Alter durch verschiedene Umwelteinfl\u00fcsse und dem Abbau der k\u00f6rpereigenen Hyalurons\u00e4ure bilden.<\/p>\n","protected":false},"excerpt":{"rendered":"<p>Hyaluron Wirkkonzentrat wirkt dem Feuchtigkeitsverlust der Haut und der Bildung von Falten entgegen, welche sich mit zunehmendem Alter durch verschiedene Umwelteinfl\u00fcsse und dem Abbau der k\u00f6rpereigenen Hyalurons\u00e4ure bilden.<\/p>\n","protected":false},"featured_media":22617,"template":"","meta":{"_acf_changed":false},"product_brand":[],"product_cat":[805],"product_tag":[],"class_list":{"0":"post-22615","1":"product","2":"type-product","3":"status-publish","4":"has-post-thumbnail","6":"product_cat-h","7":"pa_packungsgroesse-13ml","9":"first","10":"instock","11":"shipping-taxable","12":"purchasable","13":"product-type-simple"},"acf":[],"_links":{"self":[{"href":"https:\/\/www.ernstbrunn-apotheke.at\/katalog\/wp-json\/wp\/v2\/product\/22615","targetHints":{"allow":["GET"]}}],"collection":[{"href":"https:\/\/www.ernstbrunn-apotheke.at\/katalog\/wp-json\/wp\/v2\/product"}],"about":[{"href":"https:\/\/www.ernstbrunn-apotheke.at\/katalog\/wp-json\/wp\/v2\/types\/product"}],"wp:featuredmedia":[{"embeddable":true,"href":"https:\/\/www.ernstbrunn-apotheke.at\/katalog\/wp-json\/wp\/v2\/media\/22617"}],"wp:attachment":[{"href":"https:\/\/www.ernstbrunn-apotheke.at\/katalog\/wp-json\/wp\/v2\/media?parent=22615"}],"wp:term":[{"taxonomy":"product_brand","embeddable":true,"href":"https:\/\/www.ernstbrunn-apotheke.at\/katalog\/wp-json\/wp\/v2\/product_brand?post=22615"},{"taxonomy":"product_cat","embeddable":true,"href":"https:\/\/www.ernstbrunn-apotheke.at\/katalog\/wp-json\/wp\/v2\/product_cat?post=22615"},{"taxonomy":"product_tag","embeddable":true,"href":"https:\/\/www.ernstbrunn-apotheke.at\/katalog\/wp-json\/wp\/v2\/product_tag?post=22615"}],"curies":[{"name":"wp","href":"https:\/\/api.w.org\/{rel}","templated":true}]}}