{"id":22596,"date":"2025-11-07T22:22:43","date_gmt":"2025-11-07T21:22:43","guid":{"rendered":"https:\/\/www.ernstbrunn-apotheke.at\/katalog\/produkt\/apoforce-propolis-tiegel-lsf-5-ml\/"},"modified":"2025-12-08T14:28:41","modified_gmt":"2025-12-08T13:28:41","slug":"apoforce-propolis-tiegel-lsf-5-ml","status":"publish","type":"product","link":"https:\/\/www.ernstbrunn-apotheke.at\/katalog\/produkt\/apoforce-propolis-tiegel-lsf-5-ml\/","title":{"rendered":"Apoforce Propolis Tiegel + LSF 5 ml"},"content":{"rendered":"<p>Apoforce Propolis Tiegel + LSF bietet Schutz und Pflege f\u00fcr die Lippen und \u00fcberzeugt mit einem Lichtschutzfaktor von 15. Dieses Produkt erhalten Sie als Stift oder im Tiegel \u00e1 5 ml.<\/p>\n","protected":false},"excerpt":{"rendered":"<p>Apoforce Propolis Tiegel + LSF bietet Schutz und Pflege f\u00fcr die Lippen und \u00fcberzeugt mit einem Lichtschutzfaktor von 15. Dieses Produkt erhalten Sie als Stift oder im Tiegel \u00e1 5 ml.<\/p>\n","protected":false},"featured_media":22598,"template":"","meta":{"_acf_changed":false},"product_brand":[],"product_cat":[801],"product_tag":[],"class_list":{"0":"post-22596","1":"product","2":"type-product","3":"status-publish","4":"has-post-thumbnail","6":"product_cat-a","7":"pa_packungsgroesse-5ml","9":"first","10":"instock","11":"shipping-taxable","12":"purchasable","13":"product-type-simple"},"acf":[],"_links":{"self":[{"href":"https:\/\/www.ernstbrunn-apotheke.at\/katalog\/wp-json\/wp\/v2\/product\/22596","targetHints":{"allow":["GET"]}}],"collection":[{"href":"https:\/\/www.ernstbrunn-apotheke.at\/katalog\/wp-json\/wp\/v2\/product"}],"about":[{"href":"https:\/\/www.ernstbrunn-apotheke.at\/katalog\/wp-json\/wp\/v2\/types\/product"}],"wp:featuredmedia":[{"embeddable":true,"href":"https:\/\/www.ernstbrunn-apotheke.at\/katalog\/wp-json\/wp\/v2\/media\/22598"}],"wp:attachment":[{"href":"https:\/\/www.ernstbrunn-apotheke.at\/katalog\/wp-json\/wp\/v2\/media?parent=22596"}],"wp:term":[{"taxonomy":"product_brand","embeddable":true,"href":"https:\/\/www.ernstbrunn-apotheke.at\/katalog\/wp-json\/wp\/v2\/product_brand?post=22596"},{"taxonomy":"product_cat","embeddable":true,"href":"https:\/\/www.ernstbrunn-apotheke.at\/katalog\/wp-json\/wp\/v2\/product_cat?post=22596"},{"taxonomy":"product_tag","embeddable":true,"href":"https:\/\/www.ernstbrunn-apotheke.at\/katalog\/wp-json\/wp\/v2\/product_tag?post=22596"}],"curies":[{"name":"wp","href":"https:\/\/api.w.org\/{rel}","templated":true}]}}