{"id":22584,"date":"2025-11-07T22:22:17","date_gmt":"2025-11-07T21:22:17","guid":{"rendered":"https:\/\/www.ernstbrunn-apotheke.at\/katalog\/produkt\/dr-hauschka-revitalisierende-maske-30-ml\/"},"modified":"2025-12-08T14:28:34","modified_gmt":"2025-12-08T13:28:34","slug":"dr-hauschka-revitalisierende-maske-30-ml","status":"publish","type":"product","link":"https:\/\/www.ernstbrunn-apotheke.at\/katalog\/produkt\/dr-hauschka-revitalisierende-maske-30-ml\/","title":{"rendered":"Dr. Hauschka Revitalisierende Maske 30 ml"},"content":{"rendered":"<p>Dr. Hauschka Revitalisierende Maske verleiht einen ebenm\u00e4\u00dfigen Teint. F\u00fcr unreine, gro\u00dfporige, sonnenstrapazierte und zu Couperose neigende Haut ist sie eine erg\u00e4nzende Intensivpflege. Beinhaltet die Heilpflanzen Quitte, Wundklee und Kamille.<\/p>\n","protected":false},"excerpt":{"rendered":"<p>Dr. Hauschka Revitalisierende Maske verleiht einen ebenm\u00e4\u00dfigen Teint. F\u00fcr unreine, gro\u00dfporige, sonnenstrapazierte und zu Couperose neigende Haut ist sie eine erg\u00e4nzende Intensivpflege. Beinhaltet die Heilpflanzen Quitte, Wundklee und Kamille.<\/p>\n","protected":false},"featured_media":22586,"template":"","meta":{"_acf_changed":false},"product_brand":[679],"product_cat":[792],"product_tag":[],"class_list":{"0":"post-22584","1":"product","2":"type-product","3":"status-publish","4":"has-post-thumbnail","6":"product_brand-dr-hauschka","7":"product_cat-d","8":"pa_packungsgroesse-30ml","10":"first","11":"instock","12":"shipping-taxable","13":"purchasable","14":"product-type-simple"},"acf":[],"_links":{"self":[{"href":"https:\/\/www.ernstbrunn-apotheke.at\/katalog\/wp-json\/wp\/v2\/product\/22584","targetHints":{"allow":["GET"]}}],"collection":[{"href":"https:\/\/www.ernstbrunn-apotheke.at\/katalog\/wp-json\/wp\/v2\/product"}],"about":[{"href":"https:\/\/www.ernstbrunn-apotheke.at\/katalog\/wp-json\/wp\/v2\/types\/product"}],"wp:featuredmedia":[{"embeddable":true,"href":"https:\/\/www.ernstbrunn-apotheke.at\/katalog\/wp-json\/wp\/v2\/media\/22586"}],"wp:attachment":[{"href":"https:\/\/www.ernstbrunn-apotheke.at\/katalog\/wp-json\/wp\/v2\/media?parent=22584"}],"wp:term":[{"taxonomy":"product_brand","embeddable":true,"href":"https:\/\/www.ernstbrunn-apotheke.at\/katalog\/wp-json\/wp\/v2\/product_brand?post=22584"},{"taxonomy":"product_cat","embeddable":true,"href":"https:\/\/www.ernstbrunn-apotheke.at\/katalog\/wp-json\/wp\/v2\/product_cat?post=22584"},{"taxonomy":"product_tag","embeddable":true,"href":"https:\/\/www.ernstbrunn-apotheke.at\/katalog\/wp-json\/wp\/v2\/product_tag?post=22584"}],"curies":[{"name":"wp","href":"https:\/\/api.w.org\/{rel}","templated":true}]}}