{"id":22557,"date":"2025-11-07T22:21:56","date_gmt":"2025-11-07T21:21:56","guid":{"rendered":"https:\/\/www.ernstbrunn-apotheke.at\/katalog\/produkt\/eucerin-q10-active-augenpflege-15-ml\/"},"modified":"2025-12-08T14:28:16","modified_gmt":"2025-12-08T13:28:16","slug":"eucerin-q10-active-augenpflege-15-ml","status":"publish","type":"product","link":"https:\/\/www.ernstbrunn-apotheke.at\/katalog\/produkt\/eucerin-q10-active-augenpflege-15-ml\/","title":{"rendered":"Eucerin Q10 Active Augenpflege 15 ml"},"content":{"rendered":"<p>Eucerin Q10 Active Augenpflege ist ein Pflegeprodukt speziell f\u00fcr die Falten in der Augenpartie. Das Produkt punktet durch die ausgezeichnete Hautvertr\u00e4glichkeit f\u00fcr empfindliche Haut mit Coenzym Q10, um Augenf\u00e4ltchen in der zarten Augenpartie zu reduzieren.<\/p>\n","protected":false},"excerpt":{"rendered":"<p>Eucerin Q10 Active Augenpflege ist ein Pflegeprodukt speziell f\u00fcr die Falten in der Augenpartie. Das Produkt punktet durch die ausgezeichnete Hautvertr\u00e4glichkeit f\u00fcr empfindliche Haut mit Coenzym Q10, um Augenf\u00e4ltchen in der zarten Augenpartie zu reduzieren.<\/p>\n","protected":false},"featured_media":22559,"template":"","meta":{"_acf_changed":false},"product_brand":[334],"product_cat":[794],"product_tag":[],"class_list":{"0":"post-22557","1":"product","2":"type-product","3":"status-publish","4":"has-post-thumbnail","6":"product_brand-eucerin","7":"product_cat-e","8":"pa_packungsgroesse-15ml","10":"first","11":"instock","12":"shipping-taxable","13":"purchasable","14":"product-type-simple"},"acf":[],"_links":{"self":[{"href":"https:\/\/www.ernstbrunn-apotheke.at\/katalog\/wp-json\/wp\/v2\/product\/22557","targetHints":{"allow":["GET"]}}],"collection":[{"href":"https:\/\/www.ernstbrunn-apotheke.at\/katalog\/wp-json\/wp\/v2\/product"}],"about":[{"href":"https:\/\/www.ernstbrunn-apotheke.at\/katalog\/wp-json\/wp\/v2\/types\/product"}],"wp:featuredmedia":[{"embeddable":true,"href":"https:\/\/www.ernstbrunn-apotheke.at\/katalog\/wp-json\/wp\/v2\/media\/22559"}],"wp:attachment":[{"href":"https:\/\/www.ernstbrunn-apotheke.at\/katalog\/wp-json\/wp\/v2\/media?parent=22557"}],"wp:term":[{"taxonomy":"product_brand","embeddable":true,"href":"https:\/\/www.ernstbrunn-apotheke.at\/katalog\/wp-json\/wp\/v2\/product_brand?post=22557"},{"taxonomy":"product_cat","embeddable":true,"href":"https:\/\/www.ernstbrunn-apotheke.at\/katalog\/wp-json\/wp\/v2\/product_cat?post=22557"},{"taxonomy":"product_tag","embeddable":true,"href":"https:\/\/www.ernstbrunn-apotheke.at\/katalog\/wp-json\/wp\/v2\/product_tag?post=22557"}],"curies":[{"name":"wp","href":"https:\/\/api.w.org\/{rel}","templated":true}]}}