{"id":22528,"date":"2025-11-07T22:21:22","date_gmt":"2025-11-07T21:21:22","guid":{"rendered":"https:\/\/www.ernstbrunn-apotheke.at\/katalog\/produkt\/medipharma-cosmetics-olivenoel-lippenpflegestift-48-g\/"},"modified":"2025-12-08T14:28:05","modified_gmt":"2025-12-08T13:28:05","slug":"medipharma-cosmetics-olivenoel-lippenpflegestift-48-g","status":"publish","type":"product","link":"https:\/\/www.ernstbrunn-apotheke.at\/katalog\/produkt\/medipharma-cosmetics-olivenoel-lippenpflegestift-48-g\/","title":{"rendered":"Medipharma Cosmetics Oliven\u00f6l Lippenpflegestift 4,8 g"},"content":{"rendered":"<p>Medipharma Cosmetics Oliven\u00f6l Lippenpflegestift ist speziell f\u00fcr die Pflege und den Schutz trockener Lippen konzipiert. Die enthaltenen Pflegestoffe befeuchten unsere Lippen und machen sie zart und geschmeidig.<\/p>\n","protected":false},"excerpt":{"rendered":"<p>Medipharma Cosmetics Oliven\u00f6l Lippenpflegestift ist speziell f\u00fcr die Pflege und den Schutz trockener Lippen konzipiert. Die enthaltenen Pflegestoffe befeuchten unsere Lippen und machen sie zart und geschmeidig.<\/p>\n","protected":false},"featured_media":22530,"template":"","meta":{"_acf_changed":false},"product_brand":[685],"product_cat":[800],"product_tag":[],"class_list":{"0":"post-22528","1":"product","2":"type-product","3":"status-publish","4":"has-post-thumbnail","6":"product_brand-olivenoel-theiss","7":"product_cat-m","8":"pa_packungsgroesse-4g","10":"first","11":"instock","12":"shipping-taxable","13":"purchasable","14":"product-type-simple"},"acf":[],"_links":{"self":[{"href":"https:\/\/www.ernstbrunn-apotheke.at\/katalog\/wp-json\/wp\/v2\/product\/22528","targetHints":{"allow":["GET"]}}],"collection":[{"href":"https:\/\/www.ernstbrunn-apotheke.at\/katalog\/wp-json\/wp\/v2\/product"}],"about":[{"href":"https:\/\/www.ernstbrunn-apotheke.at\/katalog\/wp-json\/wp\/v2\/types\/product"}],"wp:featuredmedia":[{"embeddable":true,"href":"https:\/\/www.ernstbrunn-apotheke.at\/katalog\/wp-json\/wp\/v2\/media\/22530"}],"wp:attachment":[{"href":"https:\/\/www.ernstbrunn-apotheke.at\/katalog\/wp-json\/wp\/v2\/media?parent=22528"}],"wp:term":[{"taxonomy":"product_brand","embeddable":true,"href":"https:\/\/www.ernstbrunn-apotheke.at\/katalog\/wp-json\/wp\/v2\/product_brand?post=22528"},{"taxonomy":"product_cat","embeddable":true,"href":"https:\/\/www.ernstbrunn-apotheke.at\/katalog\/wp-json\/wp\/v2\/product_cat?post=22528"},{"taxonomy":"product_tag","embeddable":true,"href":"https:\/\/www.ernstbrunn-apotheke.at\/katalog\/wp-json\/wp\/v2\/product_tag?post=22528"}],"curies":[{"name":"wp","href":"https:\/\/api.w.org\/{rel}","templated":true}]}}