{"id":22506,"date":"2025-11-07T22:21:04","date_gmt":"2025-11-07T21:21:04","guid":{"rendered":"https:\/\/www.ernstbrunn-apotheke.at\/katalog\/produkt\/eucerin-dermatoclean-augen-make-up-entferner\/"},"modified":"2025-12-08T14:27:58","modified_gmt":"2025-12-08T13:27:58","slug":"eucerin-dermatoclean-augen-make-up-entferner","status":"publish","type":"product","link":"https:\/\/www.ernstbrunn-apotheke.at\/katalog\/produkt\/eucerin-dermatoclean-augen-make-up-entferner\/","title":{"rendered":"Eucerin DERMATOCLEAN Augen Make-Up Entferner"},"content":{"rendered":"<p>Eucerin\u00ae DermatoCLEAN Augen Make-up-Entferner entfernt gr\u00fcndlich wasserfeste Mascara und Augen Make-up, ist augen\u00e4rztlich getestet und f\u00fcr Kontaktlinsentr\u00e4ger geeignet. Die innovative Gesichtsreinigung DermatoCLEAN von Eucerin\u00ae sorgt f\u00fcr eine gr\u00fcndliche, porentiefe Reinigung der Gesichtshaut. Die Haut kann nachweislich Sauerstoff besser aufnehmen und frei atmen!<\/p>\n","protected":false},"excerpt":{"rendered":"<p>Eucerin\u00ae DermatoCLEAN Augen Make-up-Entferner entfernt gr\u00fcndlich wasserfeste Mascara und Augen Make-up, ist augen\u00e4rztlich getestet und f\u00fcr Kontaktlinsentr\u00e4ger geeignet. Die innovative Gesichtsreinigung DermatoCLEAN von Eucerin\u00ae sorgt f\u00fcr eine gr\u00fcndliche, porentiefe Reinigung der Gesichtshaut. Die Haut kann nachweislich Sauerstoff besser aufnehmen und frei atmen!<\/p>\n","protected":false},"featured_media":22508,"template":"","meta":{"_acf_changed":false},"product_brand":[334],"product_cat":[794],"product_tag":[],"class_list":{"0":"post-22506","1":"product","2":"type-product","3":"status-publish","4":"has-post-thumbnail","6":"product_brand-eucerin","7":"product_cat-e","8":"pa_packungsgroesse-125ml","10":"first","11":"instock","12":"shipping-taxable","13":"purchasable","14":"product-type-simple"},"acf":[],"_links":{"self":[{"href":"https:\/\/www.ernstbrunn-apotheke.at\/katalog\/wp-json\/wp\/v2\/product\/22506","targetHints":{"allow":["GET"]}}],"collection":[{"href":"https:\/\/www.ernstbrunn-apotheke.at\/katalog\/wp-json\/wp\/v2\/product"}],"about":[{"href":"https:\/\/www.ernstbrunn-apotheke.at\/katalog\/wp-json\/wp\/v2\/types\/product"}],"wp:featuredmedia":[{"embeddable":true,"href":"https:\/\/www.ernstbrunn-apotheke.at\/katalog\/wp-json\/wp\/v2\/media\/22508"}],"wp:attachment":[{"href":"https:\/\/www.ernstbrunn-apotheke.at\/katalog\/wp-json\/wp\/v2\/media?parent=22506"}],"wp:term":[{"taxonomy":"product_brand","embeddable":true,"href":"https:\/\/www.ernstbrunn-apotheke.at\/katalog\/wp-json\/wp\/v2\/product_brand?post=22506"},{"taxonomy":"product_cat","embeddable":true,"href":"https:\/\/www.ernstbrunn-apotheke.at\/katalog\/wp-json\/wp\/v2\/product_cat?post=22506"},{"taxonomy":"product_tag","embeddable":true,"href":"https:\/\/www.ernstbrunn-apotheke.at\/katalog\/wp-json\/wp\/v2\/product_tag?post=22506"}],"curies":[{"name":"wp","href":"https:\/\/api.w.org\/{rel}","templated":true}]}}