{"id":22474,"date":"2025-11-07T22:20:19","date_gmt":"2025-11-07T21:20:19","guid":{"rendered":"https:\/\/www.ernstbrunn-apotheke.at\/katalog\/produkt\/widmer-keratosis-creme-mit-harnstoff-tretinoin\/"},"modified":"2025-12-08T14:27:51","modified_gmt":"2025-12-08T13:27:51","slug":"widmer-keratosis-creme-mit-harnstoff-tretinoin","status":"publish","type":"product","link":"https:\/\/www.ernstbrunn-apotheke.at\/katalog\/produkt\/widmer-keratosis-creme-mit-harnstoff-tretinoin\/","title":{"rendered":"Widmer Keratosis Creme mit Harnstoff &#038; Tretinoin"},"content":{"rendered":"<p>Louis Widmer Keratosis Creme ist ein Hautmedikament zur \u00f6rtlich begrenzten Anwendung auf den betroffenen Stellen. Harnstoff bewirkt in der vorliegenden Dosierung ein Erweichen und Abschuppen der durch \u00fcberm\u00e4ssige Ablagerung von Hornzellen verdickten obersten Schicht der Haut. Es erh\u00f6ht die Wasseraufnahmef\u00e4higkeit der Haut und hat eine leicht keimt\u00f6tende Wirkung.<\/p>\n","protected":false},"excerpt":{"rendered":"<p>Louis Widmer Keratosis Creme ist ein Hautmedikament zur \u00f6rtlich begrenzten Anwendung auf den betroffenen Stellen. Harnstoff bewirkt in der vorliegenden Dosierung ein Erweichen und Abschuppen der durch \u00fcberm\u00e4ssige Ablagerung von Hornzellen verdickten obersten Schicht der Haut. Es erh\u00f6ht die Wasseraufnahmef\u00e4higkeit der Haut und hat eine leicht keimt\u00f6tende Wirkung.<\/p>\n","protected":false},"featured_media":22476,"template":"","meta":{"_acf_changed":false},"product_brand":[676],"product_cat":[796],"product_tag":[],"class_list":{"0":"post-22474","1":"product","2":"type-product","3":"status-publish","4":"has-post-thumbnail","6":"product_brand-louis-widmer","7":"product_cat-w","8":"pa_packungsgroesse-100g","10":"first","11":"instock","12":"shipping-taxable","13":"purchasable","14":"product-type-simple"},"acf":[],"_links":{"self":[{"href":"https:\/\/www.ernstbrunn-apotheke.at\/katalog\/wp-json\/wp\/v2\/product\/22474","targetHints":{"allow":["GET"]}}],"collection":[{"href":"https:\/\/www.ernstbrunn-apotheke.at\/katalog\/wp-json\/wp\/v2\/product"}],"about":[{"href":"https:\/\/www.ernstbrunn-apotheke.at\/katalog\/wp-json\/wp\/v2\/types\/product"}],"wp:featuredmedia":[{"embeddable":true,"href":"https:\/\/www.ernstbrunn-apotheke.at\/katalog\/wp-json\/wp\/v2\/media\/22476"}],"wp:attachment":[{"href":"https:\/\/www.ernstbrunn-apotheke.at\/katalog\/wp-json\/wp\/v2\/media?parent=22474"}],"wp:term":[{"taxonomy":"product_brand","embeddable":true,"href":"https:\/\/www.ernstbrunn-apotheke.at\/katalog\/wp-json\/wp\/v2\/product_brand?post=22474"},{"taxonomy":"product_cat","embeddable":true,"href":"https:\/\/www.ernstbrunn-apotheke.at\/katalog\/wp-json\/wp\/v2\/product_cat?post=22474"},{"taxonomy":"product_tag","embeddable":true,"href":"https:\/\/www.ernstbrunn-apotheke.at\/katalog\/wp-json\/wp\/v2\/product_tag?post=22474"}],"curies":[{"name":"wp","href":"https:\/\/api.w.org\/{rel}","templated":true}]}}