{"id":22438,"date":"2025-11-07T22:19:51","date_gmt":"2025-11-07T21:19:51","guid":{"rendered":"https:\/\/www.ernstbrunn-apotheke.at\/katalog\/produkt\/caudalie-resverat-lifting-fluid-f20\/"},"modified":"2025-12-08T14:27:43","modified_gmt":"2025-12-08T13:27:43","slug":"caudalie-resverat-lifting-fluid-f20","status":"publish","type":"product","link":"https:\/\/www.ernstbrunn-apotheke.at\/katalog\/produkt\/caudalie-resverat-lifting-fluid-f20\/","title":{"rendered":"Caudalie RESVERAT LIFTING Fluid F20"},"content":{"rendered":"<p>Caudalie Resveratrol Fluid f\u00fcr geliftete Konturen enth\u00e4lt eine exklusive Anti-Aging Verbindung. In einem Pflegeschritt hydratisiert dieses \u00f6lfreie Fluid LSF20, korrigiert Falten und gibt der Haut Straffheit. Das Gesicht erscheint praller und j\u00fcnger.<\/p>\n","protected":false},"excerpt":{"rendered":"<p>Caudalie Resveratrol Fluid f\u00fcr geliftete Konturen enth\u00e4lt eine exklusive Anti-Aging Verbindung. In einem Pflegeschritt hydratisiert dieses \u00f6lfreie Fluid LSF20, korrigiert Falten und gibt der Haut Straffheit. Das Gesicht erscheint praller und j\u00fcnger.<\/p>\n","protected":false},"featured_media":22440,"template":"","meta":{"_acf_changed":false},"product_brand":[687],"product_cat":[812],"product_tag":[],"class_list":{"0":"post-22438","1":"product","2":"type-product","3":"status-publish","4":"has-post-thumbnail","6":"product_brand-caudalie","7":"product_cat-c","8":"pa_packungsgroesse-40ml","10":"first","11":"instock","12":"shipping-taxable","13":"purchasable","14":"product-type-simple"},"acf":[],"_links":{"self":[{"href":"https:\/\/www.ernstbrunn-apotheke.at\/katalog\/wp-json\/wp\/v2\/product\/22438","targetHints":{"allow":["GET"]}}],"collection":[{"href":"https:\/\/www.ernstbrunn-apotheke.at\/katalog\/wp-json\/wp\/v2\/product"}],"about":[{"href":"https:\/\/www.ernstbrunn-apotheke.at\/katalog\/wp-json\/wp\/v2\/types\/product"}],"wp:featuredmedia":[{"embeddable":true,"href":"https:\/\/www.ernstbrunn-apotheke.at\/katalog\/wp-json\/wp\/v2\/media\/22440"}],"wp:attachment":[{"href":"https:\/\/www.ernstbrunn-apotheke.at\/katalog\/wp-json\/wp\/v2\/media?parent=22438"}],"wp:term":[{"taxonomy":"product_brand","embeddable":true,"href":"https:\/\/www.ernstbrunn-apotheke.at\/katalog\/wp-json\/wp\/v2\/product_brand?post=22438"},{"taxonomy":"product_cat","embeddable":true,"href":"https:\/\/www.ernstbrunn-apotheke.at\/katalog\/wp-json\/wp\/v2\/product_cat?post=22438"},{"taxonomy":"product_tag","embeddable":true,"href":"https:\/\/www.ernstbrunn-apotheke.at\/katalog\/wp-json\/wp\/v2\/product_tag?post=22438"}],"curies":[{"name":"wp","href":"https:\/\/api.w.org\/{rel}","templated":true}]}}