{"id":22410,"date":"2025-11-07T22:19:19","date_gmt":"2025-11-07T21:19:19","guid":{"rendered":"https:\/\/www.ernstbrunn-apotheke.at\/katalog\/produkt\/dr-hauschka-augencreme-125-ml\/"},"modified":"2025-12-08T14:27:35","modified_gmt":"2025-12-08T13:27:35","slug":"dr-hauschka-augencreme-125-ml","status":"publish","type":"product","link":"https:\/\/www.ernstbrunn-apotheke.at\/katalog\/produkt\/dr-hauschka-augencreme-125-ml\/","title":{"rendered":"Dr. Hauschka Augencreme 12,5 ml"},"content":{"rendered":"<p>Die Augencreme verleiht der Augenpartie ein besonders geschmeidiges Gef\u00fchl. F\u00fcr jedes Hautbild ist das feuchtigkeitsreiche, gl\u00e4ttende Pr\u00e4parat die ideale Erg\u00e4nzung der Tagespflege. Die zarte Haut der Augenumgebung ist besonders empfindlich und neigt zu Trockenheitsf\u00e4ltchen. Sie ist sehr viel d\u00fcnner als andere Hautpartien, da sie kein Unterhautfettgewebe besitzt. Die Komposition mit Rosenwasser, Ananas, Eibisch und Ringelblume wirkt erfrischend, feuchtigkeitsbewahrend und beruhigend. Besonders pflegende, hochwertige Pflanzen\u00f6le aus Avocado, Macadamianuss und Sanddorn sch\u00fctzen die Augenpartie und verleihen ihr ein entspanntes, glattes Hautgef\u00fchl..<\/p>\n","protected":false},"excerpt":{"rendered":"<p>Die Augencreme verleiht der Augenpartie ein besonders geschmeidiges Gef\u00fchl. F\u00fcr jedes Hautbild ist das feuchtigkeitsreiche, gl\u00e4ttende Pr\u00e4parat die ideale Erg\u00e4nzung der Tagespflege. Die zarte Haut der Augenumgebung ist besonders empfindlich und neigt zu Trockenheitsf\u00e4ltchen. Sie ist sehr viel d\u00fcnner als andere Hautpartien, da sie kein Unterhautfettgewebe besitzt. Die Komposition mit Rosenwasser, Ananas, Eibisch und Ringelblume [&hellip;]<\/p>\n","protected":false},"featured_media":22412,"template":"","meta":{"_acf_changed":false},"product_brand":[679],"product_cat":[792],"product_tag":[],"class_list":{"0":"post-22410","1":"product","2":"type-product","3":"status-publish","4":"has-post-thumbnail","6":"product_brand-dr-hauschka","7":"product_cat-d","8":"pa_packungsgroesse-12ml","10":"first","11":"instock","12":"shipping-taxable","13":"purchasable","14":"product-type-simple"},"acf":[],"_links":{"self":[{"href":"https:\/\/www.ernstbrunn-apotheke.at\/katalog\/wp-json\/wp\/v2\/product\/22410","targetHints":{"allow":["GET"]}}],"collection":[{"href":"https:\/\/www.ernstbrunn-apotheke.at\/katalog\/wp-json\/wp\/v2\/product"}],"about":[{"href":"https:\/\/www.ernstbrunn-apotheke.at\/katalog\/wp-json\/wp\/v2\/types\/product"}],"wp:featuredmedia":[{"embeddable":true,"href":"https:\/\/www.ernstbrunn-apotheke.at\/katalog\/wp-json\/wp\/v2\/media\/22412"}],"wp:attachment":[{"href":"https:\/\/www.ernstbrunn-apotheke.at\/katalog\/wp-json\/wp\/v2\/media?parent=22410"}],"wp:term":[{"taxonomy":"product_brand","embeddable":true,"href":"https:\/\/www.ernstbrunn-apotheke.at\/katalog\/wp-json\/wp\/v2\/product_brand?post=22410"},{"taxonomy":"product_cat","embeddable":true,"href":"https:\/\/www.ernstbrunn-apotheke.at\/katalog\/wp-json\/wp\/v2\/product_cat?post=22410"},{"taxonomy":"product_tag","embeddable":true,"href":"https:\/\/www.ernstbrunn-apotheke.at\/katalog\/wp-json\/wp\/v2\/product_tag?post=22410"}],"curies":[{"name":"wp","href":"https:\/\/api.w.org\/{rel}","templated":true}]}}