{"id":22375,"date":"2025-11-07T22:18:33","date_gmt":"2025-11-07T21:18:33","guid":{"rendered":"https:\/\/www.ernstbrunn-apotheke.at\/katalog\/produkt\/la-roche-posay-autohelios-selbstbraeuner-gel-creme-100-ml\/"},"modified":"2025-12-08T14:27:28","modified_gmt":"2025-12-08T13:27:28","slug":"la-roche-posay-autohelios-selbstbraeuner-gel-creme-100-ml","status":"publish","type":"product","link":"https:\/\/www.ernstbrunn-apotheke.at\/katalog\/produkt\/la-roche-posay-autohelios-selbstbraeuner-gel-creme-100-ml\/","title":{"rendered":"La Roche-Posay Autohelios Selbstbr\u00e4uner Gel-Creme 100 ml"},"content":{"rendered":"<p>La Roche-Posay Autohelios Selbstbr\u00e4uner Gel-Creme l\u00e4sst sich dank ihrer optimal verteilbaren zartschmelzenden Gel-Konsistenz gleichm\u00e4\u00dfig auf der Haut verteilen und b\u00fcrgt f\u00fcr eine gleichm\u00e4\u00dfige, nat\u00fcrliche Br\u00e4une. Die Pflege eignet sich f\u00fcr alle, die im Winter sowie im Sommer eine gesundaussehende Br\u00e4une bevorzugen sowie f\u00fcr Kunden, die einen sehr hohen LSF ben\u00f6tigen, aber gerne etwas gebr\u00e4unt aussehen m\u00f6chten.<\/p>\n","protected":false},"excerpt":{"rendered":"<p>La Roche-Posay Autohelios Selbstbr\u00e4uner Gel-Creme l\u00e4sst sich dank ihrer optimal verteilbaren zartschmelzenden Gel-Konsistenz gleichm\u00e4\u00dfig auf der Haut verteilen und b\u00fcrgt f\u00fcr eine gleichm\u00e4\u00dfige, nat\u00fcrliche Br\u00e4une. Die Pflege eignet sich f\u00fcr alle, die im Winter sowie im Sommer eine gesundaussehende Br\u00e4une bevorzugen sowie f\u00fcr Kunden, die einen sehr hohen LSF ben\u00f6tigen, aber gerne etwas gebr\u00e4unt aussehen [&hellip;]<\/p>\n","protected":false},"featured_media":22377,"template":"","meta":{"_acf_changed":false},"product_brand":[677],"product_cat":[795],"product_tag":[],"class_list":{"0":"post-22375","1":"product","2":"type-product","3":"status-publish","4":"has-post-thumbnail","6":"product_brand-la-roche-posay","7":"product_cat-l","8":"pa_packungsgroesse-100ml","10":"first","11":"instock","12":"shipping-taxable","13":"purchasable","14":"product-type-simple"},"acf":[],"_links":{"self":[{"href":"https:\/\/www.ernstbrunn-apotheke.at\/katalog\/wp-json\/wp\/v2\/product\/22375","targetHints":{"allow":["GET"]}}],"collection":[{"href":"https:\/\/www.ernstbrunn-apotheke.at\/katalog\/wp-json\/wp\/v2\/product"}],"about":[{"href":"https:\/\/www.ernstbrunn-apotheke.at\/katalog\/wp-json\/wp\/v2\/types\/product"}],"wp:featuredmedia":[{"embeddable":true,"href":"https:\/\/www.ernstbrunn-apotheke.at\/katalog\/wp-json\/wp\/v2\/media\/22377"}],"wp:attachment":[{"href":"https:\/\/www.ernstbrunn-apotheke.at\/katalog\/wp-json\/wp\/v2\/media?parent=22375"}],"wp:term":[{"taxonomy":"product_brand","embeddable":true,"href":"https:\/\/www.ernstbrunn-apotheke.at\/katalog\/wp-json\/wp\/v2\/product_brand?post=22375"},{"taxonomy":"product_cat","embeddable":true,"href":"https:\/\/www.ernstbrunn-apotheke.at\/katalog\/wp-json\/wp\/v2\/product_cat?post=22375"},{"taxonomy":"product_tag","embeddable":true,"href":"https:\/\/www.ernstbrunn-apotheke.at\/katalog\/wp-json\/wp\/v2\/product_tag?post=22375"}],"curies":[{"name":"wp","href":"https:\/\/api.w.org\/{rel}","templated":true}]}}