{"id":22267,"date":"2025-11-07T22:16:38","date_gmt":"2025-11-07T21:16:38","guid":{"rendered":"https:\/\/www.ernstbrunn-apotheke.at\/katalog\/produkt\/cisclean-enzympulver-40-g\/"},"modified":"2025-12-08T14:26:59","modified_gmt":"2025-12-08T13:26:59","slug":"cisclean-enzympulver-40-g","status":"publish","type":"product","link":"https:\/\/www.ernstbrunn-apotheke.at\/katalog\/produkt\/cisclean-enzympulver-40-g\/","title":{"rendered":"Cisclean Enzympulver 40 g"},"content":{"rendered":"<p>Cisclean Enzympulver ist eine erfrischende Reinigung und ein sanftes Peeling f\u00fcr Gesicht und Dekollet\u00e9. CisClean wird zur Reinigung f\u00fcr alle Hauttypen, auch speziell f\u00fcr zu Akne neigender Haupt empfohlen. Das Pulver ist f\u00fcr die t\u00e4gliche Anwendung geeignet<\/p>\n","protected":false},"excerpt":{"rendered":"<p>Cisclean Enzympulver ist eine erfrischende Reinigung und ein sanftes Peeling f\u00fcr Gesicht und Dekollet\u00e9. CisClean wird zur Reinigung f\u00fcr alle Hauttypen, auch speziell f\u00fcr zu Akne neigender Haupt empfohlen. Das Pulver ist f\u00fcr die t\u00e4gliche Anwendung geeignet<\/p>\n","protected":false},"featured_media":22269,"template":"","meta":{"_acf_changed":false},"product_brand":[],"product_cat":[812],"product_tag":[],"class_list":{"0":"post-22267","1":"product","2":"type-product","3":"status-publish","4":"has-post-thumbnail","6":"product_cat-c","7":"pa_packungsgroesse-40g","9":"first","10":"instock","11":"shipping-taxable","12":"purchasable","13":"product-type-simple"},"acf":[],"_links":{"self":[{"href":"https:\/\/www.ernstbrunn-apotheke.at\/katalog\/wp-json\/wp\/v2\/product\/22267","targetHints":{"allow":["GET"]}}],"collection":[{"href":"https:\/\/www.ernstbrunn-apotheke.at\/katalog\/wp-json\/wp\/v2\/product"}],"about":[{"href":"https:\/\/www.ernstbrunn-apotheke.at\/katalog\/wp-json\/wp\/v2\/types\/product"}],"wp:featuredmedia":[{"embeddable":true,"href":"https:\/\/www.ernstbrunn-apotheke.at\/katalog\/wp-json\/wp\/v2\/media\/22269"}],"wp:attachment":[{"href":"https:\/\/www.ernstbrunn-apotheke.at\/katalog\/wp-json\/wp\/v2\/media?parent=22267"}],"wp:term":[{"taxonomy":"product_brand","embeddable":true,"href":"https:\/\/www.ernstbrunn-apotheke.at\/katalog\/wp-json\/wp\/v2\/product_brand?post=22267"},{"taxonomy":"product_cat","embeddable":true,"href":"https:\/\/www.ernstbrunn-apotheke.at\/katalog\/wp-json\/wp\/v2\/product_cat?post=22267"},{"taxonomy":"product_tag","embeddable":true,"href":"https:\/\/www.ernstbrunn-apotheke.at\/katalog\/wp-json\/wp\/v2\/product_tag?post=22267"}],"curies":[{"name":"wp","href":"https:\/\/api.w.org\/{rel}","templated":true}]}}