{"id":22247,"date":"2025-11-07T22:16:14","date_gmt":"2025-11-07T21:16:14","guid":{"rendered":"https:\/\/www.ernstbrunn-apotheke.at\/katalog\/produkt\/hyaluron-augenpflege-creme-15-ml\/"},"modified":"2025-12-08T14:26:56","modified_gmt":"2025-12-08T13:26:56","slug":"hyaluron-augenpflege-creme-15-ml","status":"publish","type":"product","link":"https:\/\/www.ernstbrunn-apotheke.at\/katalog\/produkt\/hyaluron-augenpflege-creme-15-ml\/","title":{"rendered":"HYALURON Augenpflege Creme 15 ML"},"content":{"rendered":"<p>Zur Zeit besch\u00e4ftigt die Dr. Theiss Naturwaren GmbH in etwa 30 Gesellschaften auf f\u00fcnf Kontinenten weltweit \u00fcber 1.000 Mitarbeiter, davon 400 am Standort Homburg. Alle Dr. Theiss Naturheilmittel-, Naturpflege- und Naturkosmetikprodukte sind in Apotheken erh\u00e4ltlich.  alle Produkte von Dr. Theiss<\/p>\n","protected":false},"excerpt":{"rendered":"<p>Zur Zeit besch\u00e4ftigt die Dr. Theiss Naturwaren GmbH in etwa 30 Gesellschaften auf f\u00fcnf Kontinenten weltweit \u00fcber 1.000 Mitarbeiter, davon 400 am Standort Homburg. Alle Dr. Theiss Naturheilmittel-, Naturpflege- und Naturkosmetikprodukte sind in Apotheken erh\u00e4ltlich. alle Produkte von Dr. Theiss<\/p>\n","protected":false},"featured_media":22249,"template":"","meta":{"_acf_changed":false},"product_brand":[],"product_cat":[805],"product_tag":[],"class_list":{"0":"post-22247","1":"product","2":"type-product","3":"status-publish","4":"has-post-thumbnail","6":"product_cat-h","7":"pa_packungsgroesse-15ml","9":"first","10":"instock","11":"shipping-taxable","12":"purchasable","13":"product-type-simple"},"acf":[],"_links":{"self":[{"href":"https:\/\/www.ernstbrunn-apotheke.at\/katalog\/wp-json\/wp\/v2\/product\/22247","targetHints":{"allow":["GET"]}}],"collection":[{"href":"https:\/\/www.ernstbrunn-apotheke.at\/katalog\/wp-json\/wp\/v2\/product"}],"about":[{"href":"https:\/\/www.ernstbrunn-apotheke.at\/katalog\/wp-json\/wp\/v2\/types\/product"}],"wp:featuredmedia":[{"embeddable":true,"href":"https:\/\/www.ernstbrunn-apotheke.at\/katalog\/wp-json\/wp\/v2\/media\/22249"}],"wp:attachment":[{"href":"https:\/\/www.ernstbrunn-apotheke.at\/katalog\/wp-json\/wp\/v2\/media?parent=22247"}],"wp:term":[{"taxonomy":"product_brand","embeddable":true,"href":"https:\/\/www.ernstbrunn-apotheke.at\/katalog\/wp-json\/wp\/v2\/product_brand?post=22247"},{"taxonomy":"product_cat","embeddable":true,"href":"https:\/\/www.ernstbrunn-apotheke.at\/katalog\/wp-json\/wp\/v2\/product_cat?post=22247"},{"taxonomy":"product_tag","embeddable":true,"href":"https:\/\/www.ernstbrunn-apotheke.at\/katalog\/wp-json\/wp\/v2\/product_tag?post=22247"}],"curies":[{"name":"wp","href":"https:\/\/api.w.org\/{rel}","templated":true}]}}