{"id":22038,"date":"2025-11-07T22:12:34","date_gmt":"2025-11-07T21:12:34","guid":{"rendered":"https:\/\/www.ernstbrunn-apotheke.at\/katalog\/produkt\/viva-skin-nachtcreme-anti-aging-50-ml-trockene-haut\/"},"modified":"2025-12-08T14:26:01","modified_gmt":"2025-12-08T13:26:01","slug":"viva-skin-nachtcreme-anti-aging-50-ml-trockene-haut","status":"publish","type":"product","link":"https:\/\/www.ernstbrunn-apotheke.at\/katalog\/produkt\/viva-skin-nachtcreme-anti-aging-50-ml-trockene-haut\/","title":{"rendered":"Viva Skin Nachtcreme Anti-Aging 50 ml Trockene Haut"},"content":{"rendered":"<p>VIVA SKIN\u00ae Anti-Aging Nachtcreme f\u00fcr trockene Haut hilft mit einer Kombination aus Vitamin C > E Hautalterungserscheinungen entgegenzuwirken. Diese Creme k\u00f6nnen Sie f\u00fcr normale\/fettende Haut und trockene Haut zu je 50 ml bestellen.<\/p>\n","protected":false},"excerpt":{"rendered":"<p>VIVA SKIN\u00ae Anti-Aging Nachtcreme f\u00fcr trockene Haut hilft mit einer Kombination aus Vitamin C > E Hautalterungserscheinungen entgegenzuwirken. Diese Creme k\u00f6nnen Sie f\u00fcr normale\/fettende Haut und trockene Haut zu je 50 ml bestellen.<\/p>\n","protected":false},"featured_media":22040,"template":"","meta":{"_acf_changed":false},"product_brand":[],"product_cat":[799],"product_tag":[],"class_list":{"0":"post-22038","1":"product","2":"type-product","3":"status-publish","4":"has-post-thumbnail","6":"product_cat-v","7":"pa_packungsgroesse-50ml","9":"first","10":"instock","11":"shipping-taxable","12":"purchasable","13":"product-type-simple"},"acf":[],"_links":{"self":[{"href":"https:\/\/www.ernstbrunn-apotheke.at\/katalog\/wp-json\/wp\/v2\/product\/22038","targetHints":{"allow":["GET"]}}],"collection":[{"href":"https:\/\/www.ernstbrunn-apotheke.at\/katalog\/wp-json\/wp\/v2\/product"}],"about":[{"href":"https:\/\/www.ernstbrunn-apotheke.at\/katalog\/wp-json\/wp\/v2\/types\/product"}],"wp:featuredmedia":[{"embeddable":true,"href":"https:\/\/www.ernstbrunn-apotheke.at\/katalog\/wp-json\/wp\/v2\/media\/22040"}],"wp:attachment":[{"href":"https:\/\/www.ernstbrunn-apotheke.at\/katalog\/wp-json\/wp\/v2\/media?parent=22038"}],"wp:term":[{"taxonomy":"product_brand","embeddable":true,"href":"https:\/\/www.ernstbrunn-apotheke.at\/katalog\/wp-json\/wp\/v2\/product_brand?post=22038"},{"taxonomy":"product_cat","embeddable":true,"href":"https:\/\/www.ernstbrunn-apotheke.at\/katalog\/wp-json\/wp\/v2\/product_cat?post=22038"},{"taxonomy":"product_tag","embeddable":true,"href":"https:\/\/www.ernstbrunn-apotheke.at\/katalog\/wp-json\/wp\/v2\/product_tag?post=22038"}],"curies":[{"name":"wp","href":"https:\/\/api.w.org\/{rel}","templated":true}]}}